{"id":99,"date":"2020-03-02T12:30:41","date_gmt":"2020-03-02T11:30:41","guid":{"rendered":"http:\/\/16-27.de\/?page_id=99"},"modified":"2020-03-10T17:55:58","modified_gmt":"2020-03-10T16:55:58","slug":"betriebsphase-planmaessige-pruefungen-2","status":"publish","type":"page","link":"https:\/\/16-27.de\/es\/betriebsphase-planmaessige-pruefungen-2\/","title":{"rendered":"Fase de operaci\u00f3n, inspecciones programadas"},"content":{"rendered":"\n<h4 class=\"wp-block-heading\">Inspecci\u00f3n antes del final de la garant\u00eda<\/h4>\n\n\n\n<p>La inspecci\u00f3n antes del final de la garant\u00eda es una inspecci\u00f3n t\u00e9cnica completa del aerogenerador completo, incluyendo las palas del rotor. Sirve en particular para determinar los defectos antes de que la garant\u00eda finalice para que puedan ser reclamados contra el fabricante a su debido tiempo.<\/p>\n\n\n\n<h4 class=\"wp-block-heading\">Inspecci\u00f3n peri\u00f3dica<\/h4>\n\n\n\n<p>La inspecci\u00f3n peri\u00f3dica suele exigirse en el la prueba de tipo y\/o permiso de construcci\u00f3n y debe llevarse a cabo con regularidad (normalmente cada dos a cuatro a\u00f1os) de acuerdo con los requisitos. La turbina de viento completa es probada. <\/p>\n\n\n\n<h4 class=\"wp-block-heading\">Inspecci\u00f3n del estado del aerogenerador<\/h4>\n\n\n\n<p>La inspecci\u00f3n del estado del aerogenerado se especifica en las condiciones de seguro de las p\u00f3lizas de seguro de aver\u00eda e interrupci\u00f3n de maquinaria. Se trata de una inspecci\u00f3n t\u00e9cnica de toda la turbina e\u00f3lica, complementada con un an\u00e1lisis de las frecuencia del tren de transmisi\u00f3n offline y una medici\u00f3n de la continuidad de la protecci\u00f3n contra los rayos.<\/p>\n\n\n\n<h4 class=\"wp-block-heading\">CMS offline&nbsp;<\/h4>\n\n\n\n<p>Se puede realizar un an\u00e1lisis de frecuencias del tren de transmisi\u00f3n con la ayuda de un CMS. Se utiliza para detectar cambios en la condici\u00f3n y para detectar da\u00f1os en una etapa temprana, que pueden conducir a paradas no dplanificadas.<\/p>\n\n\n\n<h4 class=\"wp-block-heading\">Prueba de continuidad de la protecci\u00f3n contra rayos<\/h4>\n\n\n\n<p>Durante la prueba de continuidad de la protecci\u00f3n contra el rayo, se mide la resistencia entre los receptores de la pala y la puesta a tierra de la instalaci\u00f3n. Se utiliza para comprobar si, en caso de que caiga un rayo, el sistema de protecci\u00f3n contra el rayo funciona y la corriente del rayo se descarga de manera fiable en el suelo.<\/p>\n\n\n\n<h4 class=\"wp-block-heading\">Video Endoscopia<\/h4>\n\n\n\n<p>En la video endoscopia se inspeccionan las \u00e1reas que no son accesibles durante una inspecci\u00f3n visual. Normalmente se inspeccionan los caminos de rodadura, los elementos rodantes y las jaulas de los rodamientos, as\u00ed como los engranajes.<\/p>\n\n\n\n<h4 class=\"wp-block-heading\">Evaluaci\u00f3n sobre la Extensi\u00f3n de la Vida \u00fatil<\/h4>\n\n\n\n<p>La evaluaci\u00f3n sobre la extensi\u00f3n de la vida \u00fatil sirve para determinar las reservas potenciales para prolongar la vida \u00fatil durante el per\u00edodo de explotaci\u00f3n calculado, que suele ser de 20 a\u00f1os. <\/p>\n","protected":false},"excerpt":{"rendered":"<p>Inspecci\u00f3n antes del final de la garant\u00eda La inspecci\u00f3n antes del final de la garant\u00eda es una inspecci\u00f3n t\u00e9cnica completa del aerogenerador completo, incluyendo las palas del rotor. Sirve en particular para determinar los defectos antes de que la garant\u00eda finalice para que puedan ser reclamados contra el fabricante a su debido tiempo. Inspecci\u00f3n peri\u00f3dica &hellip; <\/p>\n<p class=\"link-more\"><a href=\"https:\/\/16-27.de\/es\/betriebsphase-planmaessige-pruefungen-2\/\" class=\"more-link\">Continue reading<span class=\"screen-reader-text\"> &#8220;Fase de operaci\u00f3n, inspecciones programadas&#8221;<\/span><\/a><\/p>\n","protected":false},"author":1,"featured_media":0,"parent":0,"menu_order":0,"comment_status":"closed","ping_status":"closed","template":"","meta":{"footnotes":""},"class_list":["post-99","page","type-page","status-publish","hentry"],"translation":{"provider":"WPGlobus","version":"3.0.2","language":"es","enabled_languages":["en","de","es"],"languages":{"en":{"title":true,"content":true,"excerpt":false},"de":{"title":true,"content":true,"excerpt":false},"es":{"title":true,"content":true,"excerpt":false}}},"_links":{"self":[{"href":"https:\/\/16-27.de\/es\/wp-json\/wp\/v2\/pages\/99","targetHints":{"allow":["GET"]}}],"collection":[{"href":"https:\/\/16-27.de\/es\/wp-json\/wp\/v2\/pages"}],"about":[{"href":"https:\/\/16-27.de\/es\/wp-json\/wp\/v2\/types\/page"}],"author":[{"embeddable":true,"href":"https:\/\/16-27.de\/es\/wp-json\/wp\/v2\/users\/1"}],"replies":[{"embeddable":true,"href":"https:\/\/16-27.de\/es\/wp-json\/wp\/v2\/comments?post=99"}],"version-history":[{"count":13,"href":"https:\/\/16-27.de\/es\/wp-json\/wp\/v2\/pages\/99\/revisions"}],"predecessor-version":[{"id":987,"href":"https:\/\/16-27.de\/es\/wp-json\/wp\/v2\/pages\/99\/revisions\/987"}],"wp:attachment":[{"href":"https:\/\/16-27.de\/es\/wp-json\/wp\/v2\/media?parent=99"}],"curies":[{"name":"wp","href":"https:\/\/api.w.org\/{rel}","templated":true}]}}