{"id":95,"date":"2020-03-02T12:03:22","date_gmt":"2020-03-02T11:03:22","guid":{"rendered":"http:\/\/16-27.de\/?page_id=95"},"modified":"2020-03-08T13:57:18","modified_gmt":"2020-03-08T12:57:18","slug":"ende-der-betriebsphase","status":"publish","type":"page","link":"https:\/\/16-27.de\/es\/ende-der-betriebsphase\/","title":{"rendered":"Fin de la fase de operaci\u00f3n"},"content":{"rendered":"\n<h4 class=\"wp-block-heading\">Informe sobre la continuaci\u00f3n de la operaci\u00f3n <\/h4>\n\n\n\n<p>La evaluaci\u00f3n sobre la extensi\u00f3n de la vida \u00fatil sirve para determinar las reservas potenciales para prolongar la vida \u00fatil durante el per\u00edodo de explotaci\u00f3n calculado, que suele ser de 20 a\u00f1os.\u00a0<\/p>\n\n\n\n<h4 class=\"wp-block-heading\">Costos de desmantelamiento<\/h4>\n\n\n\n<p>Los informes sobre el costo de la deconstrucci\u00f3n se utilizan para determinar el monto de las garant\u00edas o reservas desde la perspectiva de la aprobaci\u00f3n o la legislaci\u00f3n fiscal.<\/p>\n","protected":false},"excerpt":{"rendered":"<p>Informe sobre la continuaci\u00f3n de la operaci\u00f3n La evaluaci\u00f3n sobre la extensi\u00f3n de la vida \u00fatil sirve para determinar las reservas potenciales para prolongar la vida \u00fatil durante el per\u00edodo de explotaci\u00f3n calculado, que suele ser de 20 a\u00f1os.\u00a0 Costos de desmantelamiento Los informes sobre el costo de la deconstrucci\u00f3n se utilizan para determinar el &hellip; <\/p>\n<p class=\"link-more\"><a href=\"https:\/\/16-27.de\/es\/ende-der-betriebsphase\/\" class=\"more-link\">Continue reading<span class=\"screen-reader-text\"> &#8220;Fin de la fase de operaci\u00f3n&#8221;<\/span><\/a><\/p>\n","protected":false},"author":1,"featured_media":0,"parent":0,"menu_order":0,"comment_status":"closed","ping_status":"closed","template":"","meta":{"footnotes":""},"class_list":["post-95","page","type-page","status-publish","hentry"],"translation":{"provider":"WPGlobus","version":"3.0.0","language":"es","enabled_languages":["en","de","es"],"languages":{"en":{"title":true,"content":true,"excerpt":false},"de":{"title":true,"content":true,"excerpt":false},"es":{"title":true,"content":true,"excerpt":false}}},"_links":{"self":[{"href":"https:\/\/16-27.de\/es\/wp-json\/wp\/v2\/pages\/95","targetHints":{"allow":["GET"]}}],"collection":[{"href":"https:\/\/16-27.de\/es\/wp-json\/wp\/v2\/pages"}],"about":[{"href":"https:\/\/16-27.de\/es\/wp-json\/wp\/v2\/types\/page"}],"author":[{"embeddable":true,"href":"https:\/\/16-27.de\/es\/wp-json\/wp\/v2\/users\/1"}],"replies":[{"embeddable":true,"href":"https:\/\/16-27.de\/es\/wp-json\/wp\/v2\/comments?post=95"}],"version-history":[{"count":12,"href":"https:\/\/16-27.de\/es\/wp-json\/wp\/v2\/pages\/95\/revisions"}],"predecessor-version":[{"id":799,"href":"https:\/\/16-27.de\/es\/wp-json\/wp\/v2\/pages\/95\/revisions\/799"}],"wp:attachment":[{"href":"https:\/\/16-27.de\/es\/wp-json\/wp\/v2\/media?parent=95"}],"curies":[{"name":"wp","href":"https:\/\/api.w.org\/{rel}","templated":true}]}}