{"id":92,"date":"2020-03-02T12:03:08","date_gmt":"2020-03-02T11:03:08","guid":{"rendered":"http:\/\/16-27.de\/?page_id=92"},"modified":"2020-03-09T13:32:31","modified_gmt":"2020-03-09T12:32:31","slug":"betriebsphase-ausserplanmaessige-pruefungen","status":"publish","type":"page","link":"https:\/\/16-27.de\/es\/betriebsphase-ausserplanmaessige-pruefungen\/","title":{"rendered":"Fase de operaci\u00f3n, inspecciones no programadas"},"content":{"rendered":"\n<h4 class=\"wp-block-heading\">An\u00e1lisis de da\u00f1os<\/h4>\n\n\n\n<p>Realizamos an\u00e1lisis de da\u00f1os despu\u00e9s de todo tipo de da\u00f1os.&nbsp;&nbsp;Esto incluye da\u00f1os en las palas del rotor, cojinetes, cajas de engranajes, generadores, cimientos y da\u00f1os por fuego. <\/p>\n\n\n\n<figure class=\"wp-block-image size-large\"><img loading=\"lazy\" decoding=\"async\" width=\"800\" height=\"455\" src=\"http:\/\/16-27.de\/wp-content\/uploads\/2020\/03\/P1050428_800x455_.jpg\" alt=\"\" class=\"wp-image-918\" srcset=\"https:\/\/16-27.de\/wp-content\/uploads\/2020\/03\/P1050428_800x455_.jpg 800w, https:\/\/16-27.de\/wp-content\/uploads\/2020\/03\/P1050428_800x455_-300x171.jpg 300w, https:\/\/16-27.de\/wp-content\/uploads\/2020\/03\/P1050428_800x455_-768x437.jpg 768w\" sizes=\"auto, (max-width: 767px) 89vw, (max-width: 1000px) 54vw, (max-width: 1071px) 543px, 580px\" \/><\/figure>\n\n\n\n<h4 class=\"wp-block-heading\">Termograf\u00eda<\/h4>\n\n\n\n<p>El principal campo de aplicaci\u00f3n de la termograf\u00eda es la prueba de equipos el\u00e9ctricos. De este modo, se pueden detectar, por ejemplo, componentes defectuosos o uniones atornilladas sueltas que, de otro modo, podr\u00edan provocar la p\u00e9rdida total de la turbina e\u00f3lica.<\/p>\n\n\n\n<h4 class=\"wp-block-heading\">Prueba de penetraci\u00f3n de colorante<\/h4>\n\n\n\n<p>El m\u00e9todo de penetraci\u00f3n de colorante se utiliza para la detecci\u00f3n de grietas en componentes estructuralmente relevantes.<\/p>\n\n\n\n<h4 class=\"wp-block-heading\">Soporte de reparaci\u00f3n<\/h4>\n\n\n\n<p>La supervisi\u00f3n de la calidad de los trabajos de reparaci\u00f3n tiene lugar durante el soporte de reparaci\u00f3n. Se presta gran atenci\u00f3n a la correcta ejecuci\u00f3n de las reparaciones y a evitar los gastos de reparaci\u00f3n innecesarios o mayores.<\/p>\n","protected":false},"excerpt":{"rendered":"<p>An\u00e1lisis de da\u00f1os Realizamos an\u00e1lisis de da\u00f1os despu\u00e9s de todo tipo de da\u00f1os.&nbsp;&nbsp;Esto incluye da\u00f1os en las palas del rotor, cojinetes, cajas de engranajes, generadores, cimientos y da\u00f1os por fuego. Termograf\u00eda El principal campo de aplicaci\u00f3n de la termograf\u00eda es la prueba de equipos el\u00e9ctricos. De este modo, se pueden detectar, por ejemplo, componentes defectuosos &hellip; <\/p>\n<p class=\"link-more\"><a href=\"https:\/\/16-27.de\/es\/betriebsphase-ausserplanmaessige-pruefungen\/\" class=\"more-link\">Continue reading<span class=\"screen-reader-text\"> &#8220;Fase de operaci\u00f3n, inspecciones no programadas&#8221;<\/span><\/a><\/p>\n","protected":false},"author":1,"featured_media":0,"parent":0,"menu_order":0,"comment_status":"closed","ping_status":"closed","template":"","meta":{"footnotes":""},"class_list":["post-92","page","type-page","status-publish","hentry"],"translation":{"provider":"WPGlobus","version":"3.0.0","language":"es","enabled_languages":["en","de","es"],"languages":{"en":{"title":true,"content":true,"excerpt":false},"de":{"title":true,"content":true,"excerpt":false},"es":{"title":true,"content":true,"excerpt":false}}},"_links":{"self":[{"href":"https:\/\/16-27.de\/es\/wp-json\/wp\/v2\/pages\/92","targetHints":{"allow":["GET"]}}],"collection":[{"href":"https:\/\/16-27.de\/es\/wp-json\/wp\/v2\/pages"}],"about":[{"href":"https:\/\/16-27.de\/es\/wp-json\/wp\/v2\/types\/page"}],"author":[{"embeddable":true,"href":"https:\/\/16-27.de\/es\/wp-json\/wp\/v2\/users\/1"}],"replies":[{"embeddable":true,"href":"https:\/\/16-27.de\/es\/wp-json\/wp\/v2\/comments?post=92"}],"version-history":[{"count":13,"href":"https:\/\/16-27.de\/es\/wp-json\/wp\/v2\/pages\/92\/revisions"}],"predecessor-version":[{"id":922,"href":"https:\/\/16-27.de\/es\/wp-json\/wp\/v2\/pages\/92\/revisions\/922"}],"wp:attachment":[{"href":"https:\/\/16-27.de\/es\/wp-json\/wp\/v2\/media?parent=92"}],"curies":[{"name":"wp","href":"https:\/\/api.w.org\/{rel}","templated":true}]}}