{"id":88,"date":"2020-03-02T12:02:46","date_gmt":"2020-03-02T11:02:46","guid":{"rendered":"http:\/\/16-27.de\/?page_id=88"},"modified":"2020-03-10T16:47:52","modified_gmt":"2020-03-10T15:47:52","slug":"bauphase","status":"publish","type":"page","link":"https:\/\/16-27.de\/es\/bauphase\/","title":{"rendered":"Fase de construcci\u00f3n"},"content":{"rendered":"\n<h4 class=\"wp-block-heading\">Control de producci\u00f3n<\/h4>\n\n\n\n<p>La vigilancia de la producci\u00f3n implica la supervisi\u00f3n de la calidad de los componentes durante la producci\u00f3n. Se recomienda especialmente para proyectos grandes como los proyectos offshore. <\/p>\n\n\n\n<h4 class=\"wp-block-heading\">Prueba de aceptaci\u00f3n de f\u00e1brica<\/h4>\n\n\n\n<p>La aceptaci\u00f3n de la f\u00e1brica es la aceptaci\u00f3n en el lugar de la planta de fabricaci\u00f3n. Tiene lugar antes de la entrega y se utiliza para el control y la garant\u00eda de calidad de los componentes, as\u00ed como para la liberaci\u00f3n de la entrega.<\/p>\n\n\n\n<h4 class=\"wp-block-heading\">Monitoreo del progreso de la construcci\u00f3n<\/h4>\n\n\n\n<p>La supervisi\u00f3n del progreso de la construcci\u00f3n sirve para controlar la entrega de los componentes, los procesos y la calidad del trabajo realizado.<\/p>\n\n\n\n<h4 class=\"wp-block-heading\">Pruebas despu\u00e9s de la puesta en marcha<\/h4>\n\n\n\n<p>La inspecci\u00f3n despu\u00e9s de la puesta en marcha es una inspecci\u00f3n t\u00e9cnica completa de la turbina e\u00f3lica, incluyendo las palas del rotor si se solicita. Sirve, en particular, para identificar los defectos antes del pago del \u00faltimo plazo del precio de compra, a fin de poder hacer las retenciones apropiadas si es necesario. <\/p>\n\n\n\n<h4 class=\"wp-block-heading\">Verificaci\u00f3n de la conformidad con el contrato de venta<\/h4>\n\n\n\n<p>Inspecci\u00f3n de la planta para comprobar su conformidad con el contrato de venta.<\/p>\n\n\n\n<h4 class=\"wp-block-heading\">La prueba de conformidad con el permiso de contrucci\u00f3n<\/h4>\n\n\n\n<p>Inspecci\u00f3n de la planta para comprobar su conformidad con las condiciones del permiso de construcci\u00f3n.<\/p>\n","protected":false},"excerpt":{"rendered":"<p>Control de producci\u00f3n La vigilancia de la producci\u00f3n implica la supervisi\u00f3n de la calidad de los componentes durante la producci\u00f3n. Se recomienda especialmente para proyectos grandes como los proyectos offshore. Prueba de aceptaci\u00f3n de f\u00e1brica La aceptaci\u00f3n de la f\u00e1brica es la aceptaci\u00f3n en el lugar de la planta de fabricaci\u00f3n. Tiene lugar antes de &hellip; <\/p>\n<p class=\"link-more\"><a href=\"https:\/\/16-27.de\/es\/bauphase\/\" class=\"more-link\">Continue reading<span class=\"screen-reader-text\"> &#8220;Fase de construcci\u00f3n&#8221;<\/span><\/a><\/p>\n","protected":false},"author":1,"featured_media":0,"parent":0,"menu_order":0,"comment_status":"closed","ping_status":"closed","template":"","meta":{"footnotes":""},"class_list":["post-88","page","type-page","status-publish","hentry"],"translation":{"provider":"WPGlobus","version":"3.0.0","language":"es","enabled_languages":["en","de","es"],"languages":{"en":{"title":true,"content":true,"excerpt":false},"de":{"title":true,"content":true,"excerpt":false},"es":{"title":true,"content":true,"excerpt":false}}},"_links":{"self":[{"href":"https:\/\/16-27.de\/es\/wp-json\/wp\/v2\/pages\/88","targetHints":{"allow":["GET"]}}],"collection":[{"href":"https:\/\/16-27.de\/es\/wp-json\/wp\/v2\/pages"}],"about":[{"href":"https:\/\/16-27.de\/es\/wp-json\/wp\/v2\/types\/page"}],"author":[{"embeddable":true,"href":"https:\/\/16-27.de\/es\/wp-json\/wp\/v2\/users\/1"}],"replies":[{"embeddable":true,"href":"https:\/\/16-27.de\/es\/wp-json\/wp\/v2\/comments?post=88"}],"version-history":[{"count":13,"href":"https:\/\/16-27.de\/es\/wp-json\/wp\/v2\/pages\/88\/revisions"}],"predecessor-version":[{"id":934,"href":"https:\/\/16-27.de\/es\/wp-json\/wp\/v2\/pages\/88\/revisions\/934"}],"wp:attachment":[{"href":"https:\/\/16-27.de\/es\/wp-json\/wp\/v2\/media?parent=88"}],"curies":[{"name":"wp","href":"https:\/\/api.w.org\/{rel}","templated":true}]}}