{"id":82,"date":"2020-03-02T11:49:33","date_gmt":"2020-03-02T10:49:33","guid":{"rendered":"http:\/\/16-27.de\/?page_id=82"},"modified":"2020-03-10T17:59:28","modified_gmt":"2020-03-10T16:59:28","slug":"due-diligence","status":"publish","type":"page","link":"https:\/\/16-27.de\/es\/due-diligence\/","title":{"rendered":"Due Diligence"},"content":{"rendered":"\n<h4 class=\"wp-block-heading\">Turbine Due Diligence<\/h4>\n\n\n\n<p>La Turbine Due Diligence examina -por ejemplo, para posibles licenciatarios o para posibles ubicaciones y condiciones marco, tanto en tierra como en el mar- qu\u00e9 concepto de aerogenerador o que aerogenerador es el m\u00e1s adecuado. Las turbinas de viento pueden estar todav\u00eda en la etapa de desarrollo o prototipo. <\/p>\n\n\n\n<h4 class=\"wp-block-heading\">Project (Technical) Due Diligence<\/h4>\n\n\n\n<p>La Project (technical) Due Diligence es el proceso de poner a prueba los parques e\u00f3licos desde una perspectiva t\u00e9cnica en preparaci\u00f3n para una decisi\u00f3n de compra.&nbsp;<\/p>\n\n\n\n<h4 class=\"wp-block-heading\">Permiso de Construcci\u00f3n<\/h4>\n\n\n\n<p>Se comprueba si se dispone de un permiso de construcci\u00f3n, qu\u00e9 restricciones operativas se aplican (por ejemplo, ruido, murci\u00e9lagos, acumulaci\u00f3n de hielo, etc.) y se se\u00f1alan los riesgos asociados en relaci\u00f3n con la reducci\u00f3n de los rendimientos. Se examinan las opiniones de los expertos pertinentes y se comparan con las disposiciones correspondientes del permiso. Estos incluyen en particular<\/p>\n\n\n\n<ul class=\"wp-block-list\"><li>Evaluaci\u00f3n de sonido<\/li><li>Informe de la sombra&nbsp;<\/li><li>Informe de turbulencia<\/li><li>Estudio del suelo<\/li><\/ul>\n\n\n\n<h4 class=\"wp-block-heading\">Plan regional<\/h4>\n\n\n\n<p>Adem\u00e1s, se comprueba el plan regional del sitio, por ejemplo, en lo que respecta a la permisibilidad o los posibles riesgos de expansi\u00f3n de parques e\u00f3licos vecinos.<\/p>\n\n\n\n<h4 class=\"wp-block-heading\">Conexi\u00f3n a la red<\/h4>\n\n\n\n<p>Se comprueba la infraestructura electrot\u00e9cnica (cableado interno\/externo del parque, punto de transferencia, subestaci\u00f3n, etc.) Todos los contratos\/correspondencia relevantes son vistos y evaluados. Esto incluye, en particular, cuando est\u00e1 disponible:<\/p>\n\n\n\n<ul class=\"wp-block-list\"><li>Compromiso de alimentaci\u00f3n o conexi\u00f3n a la red y contrato de uso de la conexi\u00f3n<\/li><li>Contrato de uso conjunto de una subestaci\u00f3n perteneciente al parque e\u00f3lico \/ pooling agreement<\/li><li>Contrato de uso de infraestructura<\/li><li>Contrato de facturaci\u00f3n para el suministro de energ\u00eda el\u00e9ctrica<\/li><\/ul>\n\n\n\n<h4 class=\"wp-block-heading\">Revisi\u00f3n de contratos t\u00e9cnicos<\/h4>\n\n\n\n<p>Todos los contratos pertinentes, incluidos los anexos, se examinan y eval\u00faan centr\u00e1ndose en el objeto de los contratos, las condiciones de entrega, las garant\u00edas, los acuerdos especiales, etc. Esto incluye, en particular, cuando se disponga de ellas:<\/p>\n\n\n\n<ul class=\"wp-block-list\"><li>Contratos y subcontratos de desarrollo de proyectos o de contratistas generales<\/li><li>Calendario de construcci\u00f3n&nbsp;<\/li><li>Informes sobre la marcha de la construcci\u00f3n<\/li><li>Contrato de compra de turbinas e\u00f3licas<\/li><li>Contrato de mantenimiento<\/li><li>Contrato de gesti\u00f3n t\u00e9cnica<\/li><li>contrato de gesti\u00f3n comercial<\/li><li>Contratos de seguro<\/li><\/ul>\n\n\n\n<h4 class=\"wp-block-heading\">Visita al sitio<\/h4>\n\n\n\n<p>Se realiza una inspecci\u00f3n del lugar para obtener una impresi\u00f3n general del proyecto (por ejemplo, parques e\u00f3licos vecinos existentes y potenciales, carreteras de acceso, conexi\u00f3n a la red el\u00e9ctrica, etc.)<\/p>\n\n\n\n<p>En el caso de los parques existentes, se lleva a cabo una inspecci\u00f3n de las turbinas e\u00f3licas para poder dar una evaluaci\u00f3n t\u00e9cnica del estado de las mismas.<\/p>\n\n\n\n<p>Adem\u00e1s, se inspecciona el punto de conexi\u00f3n a la red (estaci\u00f3n de transferencia o subestaci\u00f3n), si el acceso es posible.<\/p>\n\n\n\n<h4 class=\"wp-block-heading\">Clasificaci\u00f3n del fabricante<\/h4>\n\n\n\n<p>Se presenta y eval\u00faa al fabricante de las aerogeneradores. Adem\u00e1s, se explica la tecnolog\u00eda del tipo de aerogenerador y se discuten las experiencias de funcionamiento con el tipo de aerogenerador.<\/p>\n\n\n\n<p>Se muestran los problemas con el tipo de&nbsp;aerogenerador&nbsp;y las acumulaciones de da\u00f1os, as\u00ed como las recomendaciones para su manejo.<\/p>\n\n\n\n<h4 class=\"wp-block-heading\">Evaluaci\u00f3n del rendimiento<\/h4>\n\n\n\n<p>Opcionalmente ofrecemos la evaluaci\u00f3n de los informes de rendimiento.<\/p>\n","protected":false},"excerpt":{"rendered":"<p>Turbine Due Diligence La Turbine Due Diligence examina -por ejemplo, para posibles licenciatarios o para posibles ubicaciones y condiciones marco, tanto en tierra como en el mar- qu\u00e9 concepto de aerogenerador o que aerogenerador es el m\u00e1s adecuado. Las turbinas de viento pueden estar todav\u00eda en la etapa de desarrollo o prototipo. Project (Technical) Due &hellip; <\/p>\n<p class=\"link-more\"><a href=\"https:\/\/16-27.de\/es\/due-diligence\/\" class=\"more-link\">Continue reading<span class=\"screen-reader-text\"> &#8220;Due Diligence&#8221;<\/span><\/a><\/p>\n","protected":false},"author":1,"featured_media":0,"parent":0,"menu_order":0,"comment_status":"closed","ping_status":"closed","template":"","meta":{"footnotes":""},"class_list":["post-82","page","type-page","status-publish","hentry"],"translation":{"provider":"WPGlobus","version":"3.0.0","language":"es","enabled_languages":["en","de","es"],"languages":{"en":{"title":true,"content":true,"excerpt":false},"de":{"title":true,"content":true,"excerpt":false},"es":{"title":true,"content":true,"excerpt":false}}},"_links":{"self":[{"href":"https:\/\/16-27.de\/es\/wp-json\/wp\/v2\/pages\/82","targetHints":{"allow":["GET"]}}],"collection":[{"href":"https:\/\/16-27.de\/es\/wp-json\/wp\/v2\/pages"}],"about":[{"href":"https:\/\/16-27.de\/es\/wp-json\/wp\/v2\/types\/page"}],"author":[{"embeddable":true,"href":"https:\/\/16-27.de\/es\/wp-json\/wp\/v2\/users\/1"}],"replies":[{"embeddable":true,"href":"https:\/\/16-27.de\/es\/wp-json\/wp\/v2\/comments?post=82"}],"version-history":[{"count":15,"href":"https:\/\/16-27.de\/es\/wp-json\/wp\/v2\/pages\/82\/revisions"}],"predecessor-version":[{"id":991,"href":"https:\/\/16-27.de\/es\/wp-json\/wp\/v2\/pages\/82\/revisions\/991"}],"wp:attachment":[{"href":"https:\/\/16-27.de\/es\/wp-json\/wp\/v2\/media?parent=82"}],"curies":[{"name":"wp","href":"https:\/\/api.w.org\/{rel}","templated":true}]}}