{"id":54,"date":"2020-02-27T21:14:57","date_gmt":"2020-02-27T20:14:57","guid":{"rendered":"http:\/\/16-27.de\/?page_id=54"},"modified":"2020-07-18T11:29:58","modified_gmt":"2020-07-18T09:29:58","slug":"kompetenzen","status":"publish","type":"page","link":"https:\/\/16-27.de\/es\/kompetenzen\/","title":{"rendered":"Competencias"},"content":{"rendered":"\n<h4 class=\"wp-block-heading\">Espectro de clientes<\/h4>\n\n\n\n<ul class=\"wp-block-list\"><li>Propietario\/operador<\/li><li>Empresas de mantenimiento<\/li><li>Inversores<\/li><li>Proveedor de energ\u00eda<\/li><li>Bancos<\/li><li>Aseguradoras<\/li><li>Empresas fabricantes<\/li><li>Cortes<\/li><\/ul>\n\n\n\n<h4 class=\"wp-block-heading\">Varios miles de inspecciones t\u00e9cnicas y&nbsp;auditor\u00eda de compra (due&nbsp;diligences) de turbinas e\u00f3licas de diferentes fabricantes y tipos, por ejemplo:<\/h4>\n\n\n\n<ul class=\"wp-block-list\"><li>Alstom Eco 86<\/li><li>Bard VM<\/li><li>Bonus 450, 600, 1.0MW, 1.3MW, 2.0MW<\/li><li>Clipper C89, C93<\/li><li>Danregn Vindkraft A\/S 450<\/li><li>DeWind D4, D6<\/li><li>Enercon E30, E-33, E-40, E-44, E-53, E-58, E-66, E70, E82, E92, E101, E115<\/li><li>EnronWind EW1.5<\/li><li>Frisia 850<\/li><li>Fuhrl\u00e4nder FL1000, FLMD70\/77,&nbsp;<\/li><li>Gamesa G52, G58, G83, G87, G90, G128,<\/li><li>General Electric GE1.X, 2.X, 3.X<\/li><li>Hyo Sung 750 kW, 2 MW<\/li><li>Ingetur\/Acciona 1500<\/li><li>IWP, Falcon 1.250 kW<\/li><li>Krogmann 15\/50<\/li><li>Kenersys K110<\/li><li>Lagerwey LW250<\/li><li>MAN WKA 60, Kaiser-Wilhelm-Koog (only decommissioning)<\/li><li>Micon M530, M1500, M1800,<\/li><li>M. Torres TWT 1650<\/li><li>NEG Micon NM600, NM750, NM900, NM950, NM1000, NM72, NM82<\/li><li>Nordex N-27, N-43, N-50, N-54, N-60, N-62, N-80, N-90, N-100, N117, N131<\/li><li>Nordtank NTK300, NTK500, NTK1500\/64<\/li><li>Senvion \/ Repower \/ Jacobs \/ BWU \/ HSW 600, 750, 1000, MD70\/77, MM82, MM92, 3,4M<\/li><li>Siemens SWT 1.3, SWT 2.0, SWT 2.3, SWT 3.0 DD, SWT 3.6<\/li><li>SiemensGamesa SG 3.4-132<\/li><li>S\u00fcdwind S3127, S.46, S.70\/77<\/li><li>Tacke (merged by EnronWind) TW600, TW1.5&nbsp;<\/li><li>Vestas V27, V39, V44, V47, V52, V63, V66, V80, V82, V90-2MW, V90-3MW, V112; V117, V126, V136&nbsp;<\/li><li>WindWorld \/ Seewind SW52 \/ WW5200<\/li><li>WinWind 1MW<\/li><\/ul>\n\n\n\n<p><strong>Varios miles de inspecciones t\u00e9cnicas de las palas del rotor de diferentes fabricantes, por ejemplo:<\/strong><\/p>\n\n\n\n<ul class=\"wp-block-list\"><li>Abeking &#038; Rasmussen<\/li><li>Abeking &#038; Rasmussen rotec&nbsp;<\/li><li>Aero Laminates\/NEG Micon rotors ltd<\/li><li>Airpac<\/li><li>Areva\/Multibrid<\/li><li>Bonus<\/li><li>Enercon Aero, EIL, WWP<\/li><li>Euros<\/li><li>Gamesa<\/li><li>GE<\/li><li>LM<\/li><li>LM aero construct<\/li><li>KM, Korea<\/li><li>NOI<\/li><li>Nordex<\/li><li>PHC Composites<\/li><li>Ria blades<\/li><li>SGL rotec<\/li><li>Siemens<\/li><li>Tecsis<\/li><li>TPI<\/li><li>TWP<\/li><li>Vestas<\/li><\/ul>\n\n\n\n<h4 class=\"wp-block-heading\">Proyectos internacionales<\/h4>\n\n\n\n<p><strong>Europa\u00a0<br><\/strong>Alemania \u2022 Austria \u2022 B\u00e9lgica \u2022 Bulgaria \u2022 Croacia \u2022 Rep\u00fablica Checa \u2022 Dinamarca \u2022 Estonia \u2022 Finlandia \u2022 Francia \u2022 Alemania \u2022 Gran Breta\u00f1a \u2022 Italia \u2022 Lituania \u2022 Luxemburgo \u2022 Pa\u00edses Bajos \u2022 Noruega \u2022 Polonia \u2022 Portugal \u2022 Rep\u00fablica Checa \u2022 Rumania \u2022 Serbia \u2022 Espa\u00f1a \u2022 Suecia \u2022 Suiza<\/p>\n\n\n\n<p><strong>\u00c1frica<\/strong><br>Egipto&nbsp;\u2022&nbsp;Marruecos&nbsp;\u2022&nbsp;Sud\u00e1frica<\/p>\n\n\n\n<p><strong>Am\u00e9rica<\/strong><br>Argentina&nbsp;\u2022&nbsp;Brasil&nbsp;\u2022&nbsp;Colombia&nbsp;\u2022&nbsp;M\u00e9xico&nbsp;\u2022&nbsp;Nicaragua&nbsp;\u2022&nbsp;Uruguay<\/p>\n\n\n\n<p><strong>Asia<\/strong><br>Azerbaiy\u00e1n\u00a0\u2022\u00a0China\u00a0\u2022\u00a0Corea del Sur\u00a0\u2022 Emiratos \u00c1rabes\u00a0Unidos\u00a0\u2022\u00a0Taiw\u00e1n\u00a0\u2022\u00a0Turqu\u00eda\u00a0\u2022\u00a0Unidos Vietnam<\/p>\n","protected":false},"excerpt":{"rendered":"<p>Espectro de clientes Propietario\/operador Empresas de mantenimiento Inversores Proveedor de energ\u00eda Bancos Aseguradoras Empresas fabricantes Cortes Varios miles de inspecciones t\u00e9cnicas y&nbsp;auditor\u00eda de compra (due&nbsp;diligences) de turbinas e\u00f3licas de diferentes fabricantes y tipos, por ejemplo: Alstom Eco 86 Bard VM Bonus 450, 600, 1.0MW, 1.3MW, 2.0MW Clipper C89, C93 Danregn Vindkraft A\/S 450 DeWind D4, &hellip; <\/p>\n<p class=\"link-more\"><a href=\"https:\/\/16-27.de\/es\/kompetenzen\/\" class=\"more-link\">Continue reading<span class=\"screen-reader-text\"> &#8220;Competencias&#8221;<\/span><\/a><\/p>\n","protected":false},"author":1,"featured_media":0,"parent":0,"menu_order":0,"comment_status":"closed","ping_status":"closed","template":"","meta":{"footnotes":""},"class_list":["post-54","page","type-page","status-publish","hentry"],"translation":{"provider":"WPGlobus","version":"3.0.0","language":"es","enabled_languages":["en","de","es"],"languages":{"en":{"title":true,"content":true,"excerpt":false},"de":{"title":true,"content":true,"excerpt":false},"es":{"title":true,"content":true,"excerpt":false}}},"_links":{"self":[{"href":"https:\/\/16-27.de\/es\/wp-json\/wp\/v2\/pages\/54","targetHints":{"allow":["GET"]}}],"collection":[{"href":"https:\/\/16-27.de\/es\/wp-json\/wp\/v2\/pages"}],"about":[{"href":"https:\/\/16-27.de\/es\/wp-json\/wp\/v2\/types\/page"}],"author":[{"embeddable":true,"href":"https:\/\/16-27.de\/es\/wp-json\/wp\/v2\/users\/1"}],"replies":[{"embeddable":true,"href":"https:\/\/16-27.de\/es\/wp-json\/wp\/v2\/comments?post=54"}],"version-history":[{"count":28,"href":"https:\/\/16-27.de\/es\/wp-json\/wp\/v2\/pages\/54\/revisions"}],"predecessor-version":[{"id":1035,"href":"https:\/\/16-27.de\/es\/wp-json\/wp\/v2\/pages\/54\/revisions\/1035"}],"wp:attachment":[{"href":"https:\/\/16-27.de\/es\/wp-json\/wp\/v2\/media?parent=54"}],"curies":[{"name":"wp","href":"https:\/\/api.w.org\/{rel}","templated":true}]}}