{"id":51,"date":"2020-02-27T21:13:50","date_gmt":"2020-02-27T20:13:50","guid":{"rendered":"http:\/\/16-27.de\/?page_id=51"},"modified":"2020-07-18T11:31:41","modified_gmt":"2020-07-18T09:31:41","slug":"leistungen","status":"publish","type":"page","link":"https:\/\/16-27.de\/es\/leistungen\/","title":{"rendered":"Servicios"},"content":{"rendered":"\n<h4 class=\"wp-block-heading\">Inspecci\u00f3n t\u00e9cnica<\/h4>\n\n\n\n<p>Antes de que un aerogenerador se ponga en marcha, podemos asesorarle en las \u00e1reas de producci\u00f3n y supervisi\u00f3n del progreso de la construcci\u00f3n, as\u00ed como en la aceptaci\u00f3n de la f\u00e1brica.<\/p>\n\n\n\n<p><strong>Fase de constructi\u00f3n<\/strong><\/p>\n\n\n\n<ul class=\"wp-block-list\"><li>Control de producci\u00f3n<\/li><li>Prueba de aceptaci\u00f3n de f\u00e1brica<\/li><li>Monitoreo del progreso de la construcci\u00f3n<\/li><li>Pruebas despu\u00e9s de la puesta en marcha<\/li><li>Verificaci\u00f3n de la conformidad con el contrato de venta<\/li><li>La prueba de conformidad con la permiso del BImSchG<\/li><li>Costos de desmantelamiento<\/li><\/ul>\n\n\n\n<p><strong>Fase de operaci\u00f3n, inspecciones programadas<\/strong><\/p>\n\n\n\n<ul class=\"wp-block-list\"><li>Inspecci\u00f3n antes del final de la garant\u00eda<\/li><li>Inspecci\u00f3n peri\u00f3dica seg\u00fan la prueba de tipo<\/li><li>Inspecci\u00f3n del estado del aerogenerador seg\u00fan los reglamentos del seguro<\/li><li>Analysis de frequencia del tren de transmission<\/li><li>Prueba de continuidad de la protecci\u00f3n contra rayos<\/li><li>Video Endoscopia<\/li><li>Evaluaci\u00f3n de la extensi\u00f3n de la vida \u00fatil<\/li><\/ul>\n\n\n\n<p><strong>Fase de operaci\u00f3n, inspecciones no programadas<\/strong><\/p>\n\n\n\n<ul class=\"wp-block-list\"><li>An\u00e1lisis de da\u00f1os<\/li><li>Termograf\u00eda<\/li><li>Prueba de penetraci\u00f3n de colorante<\/li><li>Control de reparaci\u00f3n<\/li><\/ul>\n\n\n\n<p><strong>Fin de la fase de operaci\u00f3n<\/strong><\/p>\n\n\n\n<ul class=\"wp-block-list\"><li>Costos de desmantelamiento<\/li><\/ul>\n\n\n\n<h4 class=\"wp-block-heading\">Apoyo de planificaci\u00f3n<\/h4>\n\n\n\n<ul class=\"wp-block-list\"><li>Consultor\u00eda t\u00e9cnica de contratos<\/li><li>Asistencia en negociaciones<\/li><\/ul>\n\n\n\n<h4 class=\"wp-block-heading\">Due Diligence<\/h4>\n\n\n\n<p><strong>Turbine Due Diligence<\/strong><\/p>\n\n\n\n<p><strong>Technical Due Diligence<\/strong><\/p>\n\n\n\n<ul class=\"wp-block-list\"><li>BImSchG<\/li><li>Plan regional<\/li><li>Conexi\u00f3n a la red<\/li><li>Revisi\u00f3n de contratos t\u00e9cnicos<\/li><li>Visita al sitio<\/li><li>Clasificaci\u00f3n del fabricante<\/li><li>Clasificaci\u00f3n de la turbina<\/li><\/ul>\n\n\n\n<h4 class=\"wp-block-heading\">Otros servicios<\/h4>\n\n\n\n<ul class=\"wp-block-list\"><li>Perito judicial<\/li><li>Evaluaciones de valor<\/li><li>Costos de desmantelamiento<\/li><li>Evaluaci\u00f3n de la extensi\u00f3n de la vida \u00fatil<\/li><\/ul>\n","protected":false},"excerpt":{"rendered":"<p>Inspecci\u00f3n t\u00e9cnica Antes de que un aerogenerador se ponga en marcha, podemos asesorarle en las \u00e1reas de producci\u00f3n y supervisi\u00f3n del progreso de la construcci\u00f3n, as\u00ed como en la aceptaci\u00f3n de la f\u00e1brica. Fase de constructi\u00f3n Control de producci\u00f3n Prueba de aceptaci\u00f3n de f\u00e1brica Monitoreo del progreso de la construcci\u00f3n Pruebas despu\u00e9s de la puesta &hellip; <\/p>\n<p class=\"link-more\"><a href=\"https:\/\/16-27.de\/es\/leistungen\/\" class=\"more-link\">Continue reading<span class=\"screen-reader-text\"> &#8220;Servicios&#8221;<\/span><\/a><\/p>\n","protected":false},"author":1,"featured_media":0,"parent":0,"menu_order":0,"comment_status":"closed","ping_status":"closed","template":"","meta":{"footnotes":""},"class_list":["post-51","page","type-page","status-publish","hentry"],"translation":{"provider":"WPGlobus","version":"3.0.0","language":"es","enabled_languages":["en","de","es"],"languages":{"en":{"title":true,"content":true,"excerpt":false},"de":{"title":true,"content":true,"excerpt":false},"es":{"title":true,"content":true,"excerpt":false}}},"_links":{"self":[{"href":"https:\/\/16-27.de\/es\/wp-json\/wp\/v2\/pages\/51","targetHints":{"allow":["GET"]}}],"collection":[{"href":"https:\/\/16-27.de\/es\/wp-json\/wp\/v2\/pages"}],"about":[{"href":"https:\/\/16-27.de\/es\/wp-json\/wp\/v2\/types\/page"}],"author":[{"embeddable":true,"href":"https:\/\/16-27.de\/es\/wp-json\/wp\/v2\/users\/1"}],"replies":[{"embeddable":true,"href":"https:\/\/16-27.de\/es\/wp-json\/wp\/v2\/comments?post=51"}],"version-history":[{"count":30,"href":"https:\/\/16-27.de\/es\/wp-json\/wp\/v2\/pages\/51\/revisions"}],"predecessor-version":[{"id":1027,"href":"https:\/\/16-27.de\/es\/wp-json\/wp\/v2\/pages\/51\/revisions\/1027"}],"wp:attachment":[{"href":"https:\/\/16-27.de\/es\/wp-json\/wp\/v2\/media?parent=51"}],"curies":[{"name":"wp","href":"https:\/\/api.w.org\/{rel}","templated":true}]}}