{"id":412,"date":"2020-03-06T09:16:17","date_gmt":"2020-03-06T08:16:17","guid":{"rendered":"http:\/\/16-27.de\/?page_id=412"},"modified":"2020-03-06T09:31:12","modified_gmt":"2020-03-06T08:31:12","slug":"vertrauen-sie-auf-uber-25-jahre-erfahrung-in-windenergie","status":"publish","type":"page","link":"https:\/\/16-27.de\/es\/vertrauen-sie-auf-uber-25-jahre-erfahrung-in-windenergie\/","title":{"rendered":"Conf\u00ede en m\u00e1s de 25 a\u00f1os de experiencia en energ\u00eda e\u00f3lica!"},"content":{"rendered":"","protected":false},"excerpt":{"rendered":"","protected":false},"author":1,"featured_media":207,"parent":0,"menu_order":0,"comment_status":"closed","ping_status":"closed","template":"","meta":{"footnotes":""},"class_list":["post-412","page","type-page","status-publish","has-post-thumbnail","hentry"],"translation":{"provider":"WPGlobus","version":"3.0.0","language":"es","enabled_languages":["en","de","es"],"languages":{"en":{"title":true,"content":false,"excerpt":false},"de":{"title":true,"content":true,"excerpt":false},"es":{"title":true,"content":false,"excerpt":false}}},"_links":{"self":[{"href":"https:\/\/16-27.de\/es\/wp-json\/wp\/v2\/pages\/412","targetHints":{"allow":["GET"]}}],"collection":[{"href":"https:\/\/16-27.de\/es\/wp-json\/wp\/v2\/pages"}],"about":[{"href":"https:\/\/16-27.de\/es\/wp-json\/wp\/v2\/types\/page"}],"author":[{"embeddable":true,"href":"https:\/\/16-27.de\/es\/wp-json\/wp\/v2\/users\/1"}],"replies":[{"embeddable":true,"href":"https:\/\/16-27.de\/es\/wp-json\/wp\/v2\/comments?post=412"}],"version-history":[{"count":6,"href":"https:\/\/16-27.de\/es\/wp-json\/wp\/v2\/pages\/412\/revisions"}],"predecessor-version":[{"id":422,"href":"https:\/\/16-27.de\/es\/wp-json\/wp\/v2\/pages\/412\/revisions\/422"}],"wp:featuredmedia":[{"embeddable":true,"href":"https:\/\/16-27.de\/es\/wp-json\/wp\/v2\/media\/207"}],"wp:attachment":[{"href":"https:\/\/16-27.de\/es\/wp-json\/wp\/v2\/media?parent=412"}],"curies":[{"name":"wp","href":"https:\/\/api.w.org\/{rel}","templated":true}]}}