{"id":3,"date":"2020-02-27T20:29:43","date_gmt":"2020-02-27T19:29:43","guid":{"rendered":"http:\/\/16-27.de\/?page_id=3"},"modified":"2024-12-21T11:40:46","modified_gmt":"2024-12-21T10:40:46","slug":"datenschutzerklaerung","status":"publish","type":"page","link":"https:\/\/16-27.de\/es\/datenschutzerklaerung\/","title":{"rendered":"Datenschutzerkl\u00e4rung (English below)"},"content":{"rendered":"\n<p>Diese Datenschutzerkl\u00e4rung soll die Nutzer dieser Website \u00fcber die Art, den Umfang und den Zweck der Erhebung und Verwendung personenbezogener Daten durch den Websitebetreiber<\/p>\n\n\n\n<p><strong>Christof Schwarz Ingenieurgesellschaft mbH<\/strong><br>Kantstr. 66a     <br> 10627 Berlin     <br> Germany <br>T +49\/30\/324 66 21 <br> F +49\/30\/31 80 16 12 <br> www.16-27.de <\/p>\n\n\n\n<p>informieren. <\/p>\n\n\n\n<p>Der Websitebetreiber nimmt Ihren Datenschutz sehr ernst und behandelt Ihre personenbezogenen Daten vertraulich und entsprechend der gesetzlichen Vorschriften. Da durch neue Technologien und die st\u00e4ndige Weiterentwicklung dieser Webseite \u00c4nderungen an dieser Datenschutzerkl\u00e4rung vorgenommen werden k\u00f6nnen, empfehlen wir Ihnen sich die Datenschutzerkl\u00e4rung in regelm\u00e4\u00dfigen Abst\u00e4nden wieder durchzulesen. Definitionen der verwendeten Begriffe (z.B. \u201cpersonenbezogene Daten\u201d oder \u201cVerarbeitung\u201d) finden Sie in Art. 4 DSGVO.<\/p>\n\n\n\n<p><strong>Zugriffsdaten: <\/strong><br>Die Websitebetreiberin\/der Provider erhebt aufgrund des berechtigten Interesses (s. Art. 6 Abs. 1 lit. f. DSGVO) Daten \u00fcber Zugriffe auf die Website und speichern diese als \u201eServer-Logfiles\u201c auf dem Server der Website ab. Folgende Daten werden so protokolliert:<br> &nbsp;<br>Bei der blo\u00df informatorischen Nutzung der Website, also wenn Sie sich nicht registrieren oder uns anderweitig Informationen \u00fcbermitteln, erheben wir nur die personenbezogenen Daten, die Ihr Browser an unseren Server \u00fcbermittelt. Wenn Sie unsere Website betrachten m\u00f6chten, werden folgenden Daten, die technisch erforderlich sind, um Ihnen unsere Website anzuzeigen und die Stabilit\u00e4t und Sicherheit zu gew\u00e4hrleisten (Rechtsgrundlage ist Art. 6 Abs. 1 S. 1 lit. f DSGVO):<\/p>\n\n\n\n<p><em>IP-Adresse<br> Datum und Uhrzeit der Anfrage<br> Zeitzonendifferenz zur Greenwich Mean Time (GMT)<br> Inhalt der Anforderung (konkrete Seite)<br> Zugriffsstatus\/HTTP-Statuscode<br> jeweils \u00fcbertragene Datenmenge<br> Website, von der die Anforderung kommt<br> Browser<br> Betriebssystem und dessen Oberfl\u00e4che<br> Sprache und Version der Browsersoftware<\/em><\/p>\n\n\n\n<p>Die Speicherung der Daten erfolgt aus Sicherheitsgr\u00fcnden, um z. B. Missbrauchsf\u00e4lle aufkl\u00e4ren zu k\u00f6nnen. Die Server-Logfiles werden nach einem bestimmten Zeitraum vom Provider gel\u00f6scht. M\u00fcssen Daten aus Beweisgr\u00fcnden aufgehoben werden, sind sie solange von der L\u00f6schung ausgenommen bis der Vorfall endg\u00fcltig gekl\u00e4rt ist. <\/p>\n\n\n\n<p><strong>Reichweitenmessung &amp; Cookies<\/strong><br>Diese Website verwendet Cookies zur pseudonymisierten Reichweitenmessung, die entweder von dem Server, auf dem diese Website gehostet wird oder dem Server Dritter an den Browser des Nutzers \u00fcbertragen werden. Bei Cookies handelt es sich um kleine Dateien, welche auf Ihrem Endger\u00e4t gespeichert werden. Ihr Browser greift auf diese Dateien zu. Durch den Einsatz von Cookies erh\u00f6ht sich die Benutzerfreundlichkeit und Sicherheit dieser Website.<br> &nbsp;<br>G\u00e4ngige Browser bieten die Einstellungsoption, Cookies nicht zuzulassen. Sie k\u00f6nnen Ihre Browser-Einstellung entsprechend Ihren W\u00fcnschen konfigurieren und z. B. die Annahme von Cookies ablehnen. Hinweis: Es ist nicht gew\u00e4hrleistet, dass Sie auf alle Funktionen dieser Website ohne Einschr\u00e4nkungen zugreifen k\u00f6nnen, wenn Sie entsprechende Einstellungen vornehmen.<\/p>\n\n\n\n<p><strong>Disclaimer<\/strong><br><strong>Haftung f\u00fcr Inhalte<\/strong><br>Als Diensteanbieter sind wir als Websitebetreiber gem\u00e4\u00df \u00a7 7 Abs.1 TMG f\u00fcr eigene Inhalte auf diesen Seiten nach den allgemeinen Gesetzen verantwortlich. Nach \u00a7\u00a7 8 bis 10 TMG bin ich als Diensteanbieter jedoch nicht verpflichtet, \u00fcbermittelte oder gespeicherte fremde Informationen zu \u00fcberwachen oder nach Umst\u00e4nden zu forschen, die auf eine rechtswidrige T\u00e4tigkeit hinweisen. Verpflichtungen zur Entfernung oder Sperrung der Nutzung von Informationen nach den allgemeinen Gesetzen bleiben hiervon unber\u00fchrt. Eine diesbez\u00fcgliche Haftung ist jedoch erst ab dem Zeitpunkt der Kenntnis einer konkreten Rechtsverletzung m\u00f6glich. Bei Bekanntwerden von entsprechenden Rechtsverletzungen werden wir diese Inhalte umgehend entfernen. <\/p>\n\n\n\n<p><strong>Urheberrecht <\/strong><br>Die durch die Seitenbetreiber erstellten Inhalte und Werke auf diesen Seiten unterliegen dem deutschen Urheberrecht. Das Urheberrecht liegt \u2013 sofern nicht anders angegeben \u2013 bei Christof Schwarz, Christof Schwarz Ingenieurgesellschaft mbH. Eine Vervielf\u00e4ltigung oder Verwendung der Grafiken, Bilder und Texte in anderen elektronischen oder gedruckten Publikationen ist ohne ausdr\u00fcckliche Zustimmung von Christof Schwarz, Christof Schwarz Ingenieurgesellschaft mbH, nicht gestattet. Soweit die Inhalte auf dieser Seite nicht von dem Betreiber erstellt wurden, werden die Urheberrechte Dritter beachtet. Insbesondere werden Inhalte Dritter als solche gekennzeichnet. Sollten Sie trotzdem auf eine Urheberrechtsverletzung aufmerksam werden, bitten wir um einen entsprechenden Hinweis. Bei Bekanntwerden von Rechtsverletzungen werden wir derartige Inhalte umgehend entfernen. <\/p>\n\n\n\n<p><strong>Haftung f\u00fcr Links<\/strong> <br>Unser Angebot enth\u00e4lt Links zu externen Websites Dritter, auf deren Inhalte wir keinen Einfluss haben. Deshalb k\u00f6nnen wir f\u00fcr diese fremden Inhalte auch keine Gew\u00e4hr \u00fcbernehmen. F\u00fcr die Inhalte der verlinkten Seiten ist stets der jeweilige Anbieter oder Betreiber der Seiten verantwortlich. Die verlinkten Seiten wurden zum Zeitpunkt der Verlinkung auf m\u00f6gliche Rechtsverst\u00f6\u00dfe \u00fcberpr\u00fcft. Rechtswidrige Inhalte waren zum Zeitpunkt der Verlinkung nicht erkennbar. Eine permanente inhaltliche Kontrolle der verlinkten Seiten ist jedoch ohne konkrete Anhaltspunkte einer Rechtsverletzung nicht zumutbar. Bei Bekanntwerden von Rechtsverletzungen werde ich derartige Links umgehend entfernen. <\/p>\n\n\n\n<p>Wenn Sie Ihre gesetzlichen Rechte geltend machen wollen wenden Sie sich bitte an<br><a href=\"mailto:info@16-27.de\">info@16-27.de<\/a><\/p>\n\n\n\n<p><\/p>\n\n\n\n<h4 class=\"wp-block-heading\">Data protection<\/h4>\n\n\n\n<p>This data protection declaration is intended to inform users of this website about the type, scope and purpose of the collection and use of personal data by the website operator<\/p>\n\n\n\n<p>Christof Schwarz Ingenieurgesellschaft mbH<br> Kantstr. 66a<br> 10627 Berlin<br> Germany<br> T +49\/30\/324 66 21<br> F +49\/30\/31 80 16 12<br> www.16-27.de<\/p>\n\n\n\n<p>inform.<\/p>\n\n\n\n<p>The website operator takes your data protection very seriously and treats your personal data confidentially and in accordance with legal regulations. Since new technologies and the constant further development of this website can make changes to this data protection declaration, we recommend that you read the data protection declaration again at regular intervals. Definitions of the terms used (e.g. \u201cpersonal data\u201d or \u201cprocessing\u201d) can be found in Art. 4 GDPR.<\/p>\n\n\n\n<p>Access data:<br>The website operator collects data about access to the website based on legitimate interest (see Art. 6 Para. 1 lit. GDPR) and saves this as &#8220;server log files&#8221; on the website server. The following data are logged:<br> &nbsp;<br>If you only use the website for informational purposes, i.e. if you do not register or otherwise provide us with information, we only collect the personal data that your browser transmits to our server. If you would like to view our website, the following data is required, which is technically necessary to display our website to you and to ensure stability and security (legal basis is Art. 6 Para. 1 S. 1 lit. GDPR):<\/p>\n\n\n\n<p>IP address<br>Date and time of the request<br>Time zone difference to Greenwich Mean Time (GMT)<br>Content of the request (specific page)<br>Access Status \/ HTTP status code<br>amount of data transferred in each case<br>Website from which the request comes<br>browser<br>Operating system and its surface<br>Language and version of the browser software<\/p>\n\n\n\n<p>The data is stored for security reasons, e.g. B. Abuse cases. The server log files are deleted by the provider after a certain period of time. If data have to be saved for reasons of evidence, they are excluded from deletion until the incident has been finally clarified.<\/p>\n\n\n\n<p><strong>Range measurement &amp; cookies<\/strong><br> This website uses cookies for pseudonymized range measurement, which are either transmitted from the server on which this website is hosted or the third party server to the user&#8217;s browser. Cookies are small files that are stored on your device. Your browser accesses these files. The use of cookies increases the user-friendliness and security of this website.<br> &nbsp;&nbsp;<br>Common browsers offer the setting option of not allowing cookies. You can configure your browser settings according to your wishes and e.g. B. refuse to accept cookies. Note: There is no guarantee that you will be able to access all functions of this website without restrictions if you make the appropriate settings.<\/p>\n\n\n\n<p><strong>Disclaimer<\/strong><br><strong>Liability for content<\/strong><br>As a service provider, we, as the website operator, are responsible for our own content on these pages in accordance with general laws in accordance with Section 7 (1) TMG. According to \u00a7\u00a7 8 to 10 TMG, however, as a service provider, I am not obliged to monitor transmitted or stored third-party information or to research circumstances that indicate illegal activity. Obligations to remove or block the use of information according to general laws remain unaffected. However, liability in this regard is only possible from the time we become aware of a specific legal violation. As soon as we become aware of such violations, we will remove this content immediately.<\/p>\n\n\n\n<p><strong>copyright<\/strong><br>The content and works on these pages created by the site operator are subject to German copyright law. Unless otherwise stated, the copyright lies with Christof Schwarz, Christof Schwarz Ingenieurgesellschaft mbH. Reproduction or use of the graphics, images and texts in other electronic or printed publications is not permitted without the express consent of Christof Schwarz, Christof Schwarz Ingenieurgesellschaft mbH. As far as the content on this page was not created by the operator, the copyrights of third parties are respected. In particular contents of third parties are marked as such. Should you nevertheless become aware of a copyright infringement, please let us know. As soon as we become aware of legal violations, we will remove such content immediately.<\/p>\n\n\n\n<p><strong>Liability for links<\/strong><br> Our offer contains links to external websites of third parties, the content of which we have no influence on. For this reason, we cannot accept any liability for this external content. The respective provider or operator of the pages is always responsible for the content of the linked pages. The linked pages were checked for possible legal violations at the time the link was created. No illegal content was discernible at the time the link was created. A permanent control of the content of the linked pages is not reasonable without concrete evidence of an infringement. As soon as I become aware of legal violations, I will remove such links immediately.<\/p>\n\n\n\n<p>If you want to assert your legal rights, please contact<br> <a href=\"mailto:info@16-27.de\">info@16-27.de<\/a><\/p>\n","protected":false},"excerpt":{"rendered":"<p>Diese Datenschutzerkl\u00e4rung soll die Nutzer dieser Website \u00fcber die Art, den Umfang und den Zweck der Erhebung und Verwendung personenbezogener Daten durch den Websitebetreiber Christof Schwarz Ingenieurgesellschaft mbHKantstr. 66a 10627 Berlin Germany T +49\/30\/324 66 21 F +49\/30\/31 80 16 12 www.16-27.de informieren. Der Websitebetreiber nimmt Ihren Datenschutz sehr ernst und behandelt Ihre personenbezogenen Daten &hellip; <\/p>\n<p class=\"link-more\"><a href=\"https:\/\/16-27.de\/es\/datenschutzerklaerung\/\" class=\"more-link\">Continue reading<span class=\"screen-reader-text\"> &#8220;Datenschutzerkl\u00e4rung (English below)&#8221;<\/span><\/a><\/p>\n","protected":false},"author":1,"featured_media":0,"parent":0,"menu_order":0,"comment_status":"closed","ping_status":"open","template":"","meta":{"footnotes":""},"class_list":["post-3","page","type-page","status-publish","hentry"],"translation":{"provider":"WPGlobus","version":"3.0.0","language":"es","enabled_languages":["en","de","es"],"languages":{"en":{"title":true,"content":true,"excerpt":false},"de":{"title":true,"content":true,"excerpt":false},"es":{"title":true,"content":true,"excerpt":false}}},"_links":{"self":[{"href":"https:\/\/16-27.de\/es\/wp-json\/wp\/v2\/pages\/3","targetHints":{"allow":["GET"]}}],"collection":[{"href":"https:\/\/16-27.de\/es\/wp-json\/wp\/v2\/pages"}],"about":[{"href":"https:\/\/16-27.de\/es\/wp-json\/wp\/v2\/types\/page"}],"author":[{"embeddable":true,"href":"https:\/\/16-27.de\/es\/wp-json\/wp\/v2\/users\/1"}],"replies":[{"embeddable":true,"href":"https:\/\/16-27.de\/es\/wp-json\/wp\/v2\/comments?post=3"}],"version-history":[{"count":18,"href":"https:\/\/16-27.de\/es\/wp-json\/wp\/v2\/pages\/3\/revisions"}],"predecessor-version":[{"id":1053,"href":"https:\/\/16-27.de\/es\/wp-json\/wp\/v2\/pages\/3\/revisions\/1053"}],"wp:attachment":[{"href":"https:\/\/16-27.de\/es\/wp-json\/wp\/v2\/media?parent=3"}],"curies":[{"name":"wp","href":"https:\/\/api.w.org\/{rel}","templated":true}]}}