{"id":127,"date":"2020-03-02T13:38:42","date_gmt":"2020-03-02T12:38:42","guid":{"rendered":"http:\/\/16-27.de\/?page_id=127"},"modified":"2020-03-10T17:34:41","modified_gmt":"2020-03-10T16:34:41","slug":"ingenieurbuero-christof-schwarz","status":"publish","type":"page","link":"https:\/\/16-27.de\/es\/ingenieurbuero-christof-schwarz\/","title":{"rendered":"Compa\u00f1\u00eda"},"content":{"rendered":"\n<h4 class=\"wp-block-heading\"><strong>Desarrollo<\/strong><\/h4>\n\n\n\n<p>Christof Schwarz empez\u00f3 a involucrarse en dise\u00f1o y construcci\u00f3n de turbinas e\u00f3licas durante sus estudios a mediados de los 80.<br><br>En la d\u00e9cada de 1990 trabaj\u00f3 activamente en el campo de la planificaci\u00f3n de sitios para parques e\u00f3licos. A finales de la d\u00e9cada del 1990, Christof Schwarz se volvi\u00f3 hacia inspecciones t\u00e9cnicas. <br><br>En 1998 fund\u00f3 la oficina de ingenier\u00eda Christof Schwarz.<br><br>En 2000, se uni\u00f3 al Grupo 8.2. En 2006 fue uno de los tres miembros fundadores del junta directiva de 8.2 Consulting AG y hasta 2011 fue su Director Financiero. Despu\u00e9s se concentr\u00f3 de nuevo en su oficina de ingenier\u00eda, con la que dej\u00f3 el Grupo 8.2 de nuevo a finales de 2014.<br><br>A principios de 2017, la oficina de ingenier\u00eda se convirti\u00f3 en una sociedad de ingenier\u00eda limitada para cumplir con los requisitos cambiantes en el \u00e1mbito internacional.<br><br>A lo largo de los a\u00f1os la compa\u00f1\u00eda ha inspeccionado miles de turbinas e\u00f3licas de los principales fabricantes.<\/p>\n\n\n\n<p><\/p>\n\n\n\n<figure class=\"wp-block-image size-large\"><img loading=\"lazy\" decoding=\"async\" width=\"3000\" height=\"1688\" src=\"http:\/\/16-27.de\/wp-content\/uploads\/2020\/03\/20191018_125032-3000x1688.jpg\" alt=\"Christof Schwarz\" class=\"wp-image-199\" srcset=\"https:\/\/16-27.de\/wp-content\/uploads\/2020\/03\/20191018_125032-3000x1688.jpg 3000w, https:\/\/16-27.de\/wp-content\/uploads\/2020\/03\/20191018_125032-300x169.jpg 300w, https:\/\/16-27.de\/wp-content\/uploads\/2020\/03\/20191018_125032-768x432.jpg 768w, https:\/\/16-27.de\/wp-content\/uploads\/2020\/03\/20191018_125032-1536x864.jpg 1536w, https:\/\/16-27.de\/wp-content\/uploads\/2020\/03\/20191018_125032-2048x1152.jpg 2048w\" sizes=\"auto, (max-width: 767px) 89vw, (max-width: 1000px) 54vw, (max-width: 1071px) 543px, 580px\" \/><\/figure>\n\n\n\n<h4 class=\"wp-block-heading\">Participaci\u00f3n en comit\u00e9s y directivas<\/h4>\n\n\n\n<p>Directiva para la realizaci\u00f3n de una evaluaci\u00f3n y examen de la continuaci\u00f3n del funcionamiento de las turbinas e\u00f3licas en tierra, Asosiaci\u00f3n Alemana de Energ\u00eda E\u00f3lica (BWE), 2\u00aa edici\u00f3n revisada y ampliada, mayo de 2017<\/p>\n\n\n\n<p>Directiva para la &#8220;Inspecci\u00f3n peri\u00f3dica de las turbinas e\u00f3licas&#8221;, aprobado por la Junta Asesora de Expertos T\u00e9cnicos de la Asosiaci\u00f3n Alemana de Energ\u00eda E\u00f3lica (BWE) 2012<\/p>\n\n\n\n<p>Directiva para la inspecci\u00f3n para la &#8220;condition-based maintenance&#8221;, aprobado por la Junta Asesora de Expertos T\u00e9cnicos de la Asosiaci\u00f3n Alemana de Energ\u00eda E\u00f3lica (BWE) en septiembre de 2007<\/p>\n\n\n\n<p>Requisitos para el experto en turbinas e\u00f3licas, aprobado por la Junta Asesora de Expertos T\u00e9cnicos de la Asosiaci\u00f3n Alemana de Energ\u00eda E\u00f3lica (BWE), septiembre de 2007<\/p>\n\n\n\n<p>BGI 657 &#8220;Turbinas e\u00f3licas&#8221;, Asociaci\u00f3n de Seguros de Responsibilidad del Empleador, N\u00famero 03\/2006 (1\u00aa versi\u00f3n)<br><br>Asosiaci\u00f3n Alemana de Energ\u00eda E\u00f3lica (BWE)<\/p>\n","protected":false},"excerpt":{"rendered":"<p>Desarrollo Christof Schwarz empez\u00f3 a involucrarse en dise\u00f1o y construcci\u00f3n de turbinas e\u00f3licas durante sus estudios a mediados de los 80. En la d\u00e9cada de 1990 trabaj\u00f3 activamente en el campo de la planificaci\u00f3n de sitios para parques e\u00f3licos. A finales de la d\u00e9cada del 1990, Christof Schwarz se volvi\u00f3 hacia inspecciones t\u00e9cnicas. En 1998 &hellip; <\/p>\n<p class=\"link-more\"><a href=\"https:\/\/16-27.de\/es\/ingenieurbuero-christof-schwarz\/\" class=\"more-link\">Continue reading<span class=\"screen-reader-text\"> &#8220;Compa\u00f1\u00eda&#8221;<\/span><\/a><\/p>\n","protected":false},"author":1,"featured_media":0,"parent":0,"menu_order":0,"comment_status":"closed","ping_status":"closed","template":"","meta":{"footnotes":""},"class_list":["post-127","page","type-page","status-publish","hentry"],"translation":{"provider":"WPGlobus","version":"3.0.0","language":"es","enabled_languages":["en","de","es"],"languages":{"en":{"title":true,"content":true,"excerpt":false},"de":{"title":true,"content":true,"excerpt":false},"es":{"title":true,"content":true,"excerpt":false}}},"_links":{"self":[{"href":"https:\/\/16-27.de\/es\/wp-json\/wp\/v2\/pages\/127","targetHints":{"allow":["GET"]}}],"collection":[{"href":"https:\/\/16-27.de\/es\/wp-json\/wp\/v2\/pages"}],"about":[{"href":"https:\/\/16-27.de\/es\/wp-json\/wp\/v2\/types\/page"}],"author":[{"embeddable":true,"href":"https:\/\/16-27.de\/es\/wp-json\/wp\/v2\/users\/1"}],"replies":[{"embeddable":true,"href":"https:\/\/16-27.de\/es\/wp-json\/wp\/v2\/comments?post=127"}],"version-history":[{"count":54,"href":"https:\/\/16-27.de\/es\/wp-json\/wp\/v2\/pages\/127\/revisions"}],"predecessor-version":[{"id":978,"href":"https:\/\/16-27.de\/es\/wp-json\/wp\/v2\/pages\/127\/revisions\/978"}],"wp:attachment":[{"href":"https:\/\/16-27.de\/es\/wp-json\/wp\/v2\/media?parent=127"}],"curies":[{"name":"wp","href":"https:\/\/api.w.org\/{rel}","templated":true}]}}