{"id":104,"date":"2020-03-02T12:36:07","date_gmt":"2020-03-02T11:36:07","guid":{"rendered":"http:\/\/16-27.de\/?page_id=104"},"modified":"2020-03-10T17:58:01","modified_gmt":"2020-03-10T16:58:01","slug":"planungsunterstuetzung","status":"publish","type":"page","link":"https:\/\/16-27.de\/es\/planungsunterstuetzung\/","title":{"rendered":"Apoyo de planificaci\u00f3n"},"content":{"rendered":"\n<p>Le apoyamos en todas las fases del desarrollo del proyecto, desde la evaluaci\u00f3n del sitio hasta la operaci\u00f3n.<\/p>\n\n\n\n<ul class=\"wp-block-list\"><li>Evaluaci\u00f3n del sitio<\/li><li>Selecci\u00f3n de turbina<\/li><li>Compra de turbina<\/li><li>Redacci\u00f3n de contratos desde el punto de vista t\u00e9cnico<\/li><\/ul>\n\n\n\n<h4 class=\"wp-block-heading\">Consultor\u00eda t\u00e9cnica de contratos<\/h4>\n\n\n\n<p>Todos los contratos pertinentes, incluidos los anexos, se examinan y eval\u00faan centr\u00e1ndose en el objeto de los contratos, las condiciones de entrega, las garant\u00edas, los acuerdos especiales, etc. A esto le sigue una consulta para cambiar\/adaptar los contratos a favor del cliente.<\/p>\n\n\n\n<h4 class=\"wp-block-heading\">Asistencia en negociaciones<\/h4>\n\n\n\n<p>Durante las negociaciones, se apoyan los intereses y preocupaciones del cliente con el objetivo de llegar a una conclusi\u00f3n satisfactoria a favor del cliente.<\/p>\n","protected":false},"excerpt":{"rendered":"<p>Le apoyamos en todas las fases del desarrollo del proyecto, desde la evaluaci\u00f3n del sitio hasta la operaci\u00f3n. Evaluaci\u00f3n del sitio Selecci\u00f3n de turbina Compra de turbina Redacci\u00f3n de contratos desde el punto de vista t\u00e9cnico Consultor\u00eda t\u00e9cnica de contratos Todos los contratos pertinentes, incluidos los anexos, se examinan y eval\u00faan centr\u00e1ndose en el objeto &hellip; <\/p>\n<p class=\"link-more\"><a href=\"https:\/\/16-27.de\/es\/planungsunterstuetzung\/\" class=\"more-link\">Continue reading<span class=\"screen-reader-text\"> &#8220;Apoyo de planificaci\u00f3n&#8221;<\/span><\/a><\/p>\n","protected":false},"author":1,"featured_media":0,"parent":0,"menu_order":0,"comment_status":"closed","ping_status":"closed","template":"","meta":{"footnotes":""},"class_list":["post-104","page","type-page","status-publish","hentry"],"translation":{"provider":"WPGlobus","version":"3.0.0","language":"es","enabled_languages":["en","de","es"],"languages":{"en":{"title":true,"content":true,"excerpt":false},"de":{"title":true,"content":true,"excerpt":false},"es":{"title":true,"content":true,"excerpt":false}}},"_links":{"self":[{"href":"https:\/\/16-27.de\/es\/wp-json\/wp\/v2\/pages\/104","targetHints":{"allow":["GET"]}}],"collection":[{"href":"https:\/\/16-27.de\/es\/wp-json\/wp\/v2\/pages"}],"about":[{"href":"https:\/\/16-27.de\/es\/wp-json\/wp\/v2\/types\/page"}],"author":[{"embeddable":true,"href":"https:\/\/16-27.de\/es\/wp-json\/wp\/v2\/users\/1"}],"replies":[{"embeddable":true,"href":"https:\/\/16-27.de\/es\/wp-json\/wp\/v2\/comments?post=104"}],"version-history":[{"count":13,"href":"https:\/\/16-27.de\/es\/wp-json\/wp\/v2\/pages\/104\/revisions"}],"predecessor-version":[{"id":990,"href":"https:\/\/16-27.de\/es\/wp-json\/wp\/v2\/pages\/104\/revisions\/990"}],"wp:attachment":[{"href":"https:\/\/16-27.de\/es\/wp-json\/wp\/v2\/media?parent=104"}],"curies":[{"name":"wp","href":"https:\/\/api.w.org\/{rel}","templated":true}]}}