{"id":102,"date":"2020-03-02T12:33:59","date_gmt":"2020-03-02T11:33:59","guid":{"rendered":"http:\/\/16-27.de\/?page_id=102"},"modified":"2020-03-07T17:20:58","modified_gmt":"2020-03-07T16:20:58","slug":"weitere-leistungen","status":"publish","type":"page","link":"https:\/\/16-27.de\/es\/weitere-leistungen\/","title":{"rendered":"Otros servicios"},"content":{"rendered":"\n<h4 class=\"wp-block-heading\">Perito Judicial<\/h4>\n\n\n\n<p>La perito judicial sirve para aclarar una situaci\u00f3n de hecho entre el demandante y el demandado. Al hacerlo, se da una opini\u00f3n objetiva e imparcial.<\/p>\n\n\n\n<h4 class=\"wp-block-heading\">Evaluaciones de valor<\/h4>\n\n\n\n<p>El prop\u00f3sito de la valoraci\u00f3n es determinar el valor de las turbinas e\u00f3licas, por ejemplo cuando se compran o venden las turbinas.<\/p>\n","protected":false},"excerpt":{"rendered":"<p>Perito Judicial La perito judicial sirve para aclarar una situaci\u00f3n de hecho entre el demandante y el demandado. Al hacerlo, se da una opini\u00f3n objetiva e imparcial. Evaluaciones de valor El prop\u00f3sito de la valoraci\u00f3n es determinar el valor de las turbinas e\u00f3licas, por ejemplo cuando se compran o venden las turbinas.<\/p>\n","protected":false},"author":1,"featured_media":0,"parent":0,"menu_order":0,"comment_status":"closed","ping_status":"closed","template":"","meta":{"footnotes":""},"class_list":["post-102","page","type-page","status-publish","hentry"],"translation":{"provider":"WPGlobus","version":"3.0.0","language":"es","enabled_languages":["en","de","es"],"languages":{"en":{"title":true,"content":true,"excerpt":false},"de":{"title":true,"content":true,"excerpt":false},"es":{"title":true,"content":true,"excerpt":false}}},"_links":{"self":[{"href":"https:\/\/16-27.de\/es\/wp-json\/wp\/v2\/pages\/102","targetHints":{"allow":["GET"]}}],"collection":[{"href":"https:\/\/16-27.de\/es\/wp-json\/wp\/v2\/pages"}],"about":[{"href":"https:\/\/16-27.de\/es\/wp-json\/wp\/v2\/types\/page"}],"author":[{"embeddable":true,"href":"https:\/\/16-27.de\/es\/wp-json\/wp\/v2\/users\/1"}],"replies":[{"embeddable":true,"href":"https:\/\/16-27.de\/es\/wp-json\/wp\/v2\/comments?post=102"}],"version-history":[{"count":10,"href":"https:\/\/16-27.de\/es\/wp-json\/wp\/v2\/pages\/102\/revisions"}],"predecessor-version":[{"id":690,"href":"https:\/\/16-27.de\/es\/wp-json\/wp\/v2\/pages\/102\/revisions\/690"}],"wp:attachment":[{"href":"https:\/\/16-27.de\/es\/wp-json\/wp\/v2\/media?parent=102"}],"curies":[{"name":"wp","href":"https:\/\/api.w.org\/{rel}","templated":true}]}}