{"id":10,"date":"2020-02-27T20:35:11","date_gmt":"2020-02-27T19:35:11","guid":{"rendered":"http:\/\/16-27.de\/?page_id=10"},"modified":"2020-03-16T15:12:03","modified_gmt":"2020-03-16T14:12:03","slug":"startseite","status":"publish","type":"page","link":"https:\/\/16-27.de\/es\/","title":{"rendered":"Servicios"},"content":{"rendered":"\n<h4 class=\"wp-block-heading\">Inspecci\u00f3n t\u00e9cnica<\/h4>\n\n\n\n<p><strong>Fase de constructi\u00f3n<\/strong><br>Control de producci\u00f3n \u2022 Prueba de aceptaci\u00f3n de f\u00e1brica \u2022 Monitoreo del progreso de la construcci\u00f3n \u2022 Pruebas despu\u00e9s de la puesta en marcha \u2022 Verificaci\u00f3n de la conformidad con el contrato de venta \u2022 La prueba de conformidad con la decisi\u00f3n del BImSchG \u2022 Costos de desmantelamiento<\/p>\n\n\n\n<p><strong>Fase de operaci\u00f3n, inspecciones programadas<\/strong><br>Inspecci\u00f3n antes del final de la garant\u00eda \u2022 Inspecci\u00f3n peri\u00f3dica seg\u00fan la prueba de tipo \u2022 Inspecci\u00f3n del estado del aerogenerador seg\u00fan los reglamentos del seguro \u2022 Analysis de frequencia del tren de transmission \u2022 Prueba de continuidad de la protecci\u00f3n contra rayos \u2022 Video Endoscopia \u2022 Evaluaci\u00f3n de la extensi\u00f3n de la vida \u00fatil<\/p>\n\n\n\n<p><strong>Fase de operaci\u00f3n, inspecciones no programadas<\/strong><br>An\u00e1lisis de da\u00f1os \u2022 Termograf\u00eda \u2022 Prueba de penetraci\u00f3n de colorante \u2022 Control de reparaci\u00f3n<\/p>\n\n\n\n<p><strong>Fin de la fase de operaci\u00f3n<\/strong><br>Costos de desmantelamiento<\/p>\n\n\n\n<p><strong>Apoyo de planificaci\u00f3n<\/strong><br>Consultor\u00eda t\u00e9cnica de contratos \u2022 Asistencia en negociaciones<\/p>\n\n\n\n<h4 class=\"wp-block-heading\">Due Diligence<\/h4>\n\n\n\n<p><strong>Turbine Due Diligence<\/strong><\/p>\n\n\n\n<p><strong>Technical Due Diligence<\/strong><br>BImSchG \u2022 Plan regional \u2022 Conexi\u00f3n a la red \u2022 Revisi\u00f3n de contratos t\u00e9cnicos \u2022 Visita al sitio \u2022 Clasificaci\u00f3n del fabricante \u2022 Clasificaci\u00f3n de la turbina<\/p>\n\n\n\n<h4 class=\"wp-block-heading\">Otros servicios<\/h4>\n\n\n\n<p>Perito judicial \u2022 Evaluaciones de valor \u2022 Costos de desmantelamiento \u2022 Evaluaci\u00f3n de la extensi\u00f3n de la vida \u00fatil<\/p>\n\n\n\n<p><\/p>\n","protected":false},"excerpt":{"rendered":"<p>Inspecci\u00f3n t\u00e9cnica Fase de constructi\u00f3nControl de producci\u00f3n \u2022 Prueba de aceptaci\u00f3n de f\u00e1brica \u2022 Monitoreo del progreso de la construcci\u00f3n \u2022 Pruebas despu\u00e9s de la puesta en marcha \u2022 Verificaci\u00f3n de la conformidad con el contrato de venta \u2022 La prueba de conformidad con la decisi\u00f3n del BImSchG \u2022 Costos de desmantelamiento Fase de operaci\u00f3n, &hellip; <\/p>\n<p class=\"link-more\"><a href=\"https:\/\/16-27.de\/es\/\" class=\"more-link\">Continue reading<span class=\"screen-reader-text\"> &#8220;Servicios&#8221;<\/span><\/a><\/p>\n","protected":false},"author":1,"featured_media":177,"parent":0,"menu_order":0,"comment_status":"closed","ping_status":"closed","template":"","meta":{"footnotes":""},"class_list":["post-10","page","type-page","status-publish","has-post-thumbnail","hentry"],"translation":{"provider":"WPGlobus","version":"3.0.0","language":"es","enabled_languages":["en","de","es"],"languages":{"en":{"title":true,"content":true,"excerpt":false},"de":{"title":true,"content":true,"excerpt":false},"es":{"title":true,"content":true,"excerpt":false}}},"_links":{"self":[{"href":"https:\/\/16-27.de\/es\/wp-json\/wp\/v2\/pages\/10","targetHints":{"allow":["GET"]}}],"collection":[{"href":"https:\/\/16-27.de\/es\/wp-json\/wp\/v2\/pages"}],"about":[{"href":"https:\/\/16-27.de\/es\/wp-json\/wp\/v2\/types\/page"}],"author":[{"embeddable":true,"href":"https:\/\/16-27.de\/es\/wp-json\/wp\/v2\/users\/1"}],"replies":[{"embeddable":true,"href":"https:\/\/16-27.de\/es\/wp-json\/wp\/v2\/comments?post=10"}],"version-history":[{"count":31,"href":"https:\/\/16-27.de\/es\/wp-json\/wp\/v2\/pages\/10\/revisions"}],"predecessor-version":[{"id":1023,"href":"https:\/\/16-27.de\/es\/wp-json\/wp\/v2\/pages\/10\/revisions\/1023"}],"wp:featuredmedia":[{"embeddable":true,"href":"https:\/\/16-27.de\/es\/wp-json\/wp\/v2\/media\/177"}],"wp:attachment":[{"href":"https:\/\/16-27.de\/es\/wp-json\/wp\/v2\/media?parent=10"}],"curies":[{"name":"wp","href":"https:\/\/api.w.org\/{rel}","templated":true}]}}