{"id":99,"date":"2020-03-02T12:30:41","date_gmt":"2020-03-02T11:30:41","guid":{"rendered":"http:\/\/16-27.de\/?page_id=99"},"modified":"2020-03-10T17:55:58","modified_gmt":"2020-03-10T16:55:58","slug":"betriebsphase-planmaessige-pruefungen-2","status":"publish","type":"page","link":"https:\/\/16-27.de\/de\/betriebsphase-planmaessige-pruefungen-2\/","title":{"rendered":"Betriebsphase, planm\u00e4\u00dfige Pr\u00fcfungen"},"content":{"rendered":"\n<h4 class=\"wp-block-heading\">Pr\u00fcfung vor Ende Gew\u00e4hrleistung<\/h4>\n\n\n\n<p>Die Pr\u00fcfung vor Ende der Gew\u00e4hrleistung ist eine umfangreiche technische Pr\u00fcfung der kompletten Windkraftanlage inkl. Rotorbl\u00e4tter. Sie dient insbesondere dazu, M\u00e4ngel vor dem Auslaufen der Gew\u00e4hrleistung festzustellen, um sie rechtzeitig gegen\u00fcber dem Hersteller geltend machen zu k\u00f6nnen.<\/p>\n\n\n\n<h4 class=\"wp-block-heading\">Wiederkehrende Pr\u00fcfung<\/h4>\n\n\n\n<p>Die Wiederkehrende Pr\u00fcfung wird i. d. R. in der Typen- und\/oder Baugenehmigung verlangt und ist entsprechend der Auflagen regelm\u00e4\u00dfig (i. d. R. alle zwei bis vier Jahre) durchzuf\u00fchren. Dabei wird die komplette Windkraftanlage gepr\u00fcft. <\/p>\n\n\n\n<h4 class=\"wp-block-heading\">Zustandsorientierte Pr\u00fcfung<\/h4>\n\n\n\n<p>Die zustandsorientierte Pr\u00fcfung wird durch die Versicherungsbedingungen von Maschinenbruch- und Unterbrechungsversicherungen vorgegeben. Es handelt sich um eine technische Pr\u00fcfung der gesamten Windkraftanlage, erg\u00e4nzt durch eine Offline-Schwingungsanalyse des Triebstrangs (Offline-CMS) und eine Blitzschutzdurchgangsmessung.<\/p>\n\n\n\n<h4 class=\"wp-block-heading\">Offline-CMS<\/h4>\n\n\n\n<p>Eine Offline-Schwingungsanalyse des Triebstrangs dient dazu Zustandsver\u00e4nderungen zu erkennen und Sch\u00e4den fr\u00fchzeitig zu erkennen, welche zu unerw\u00fcnschten Ausfallzeiten f\u00fchren k\u00f6nnen.<\/p>\n\n\n\n<h4 class=\"wp-block-heading\">Blitzschutzdurchgangspr\u00fcfung<\/h4>\n\n\n\n<p>Bei der Blitzschutzdurchgangspr\u00fcfung wird der Widerstand zwischen den Rezeptoren des Blattes und der Erdung der Anlage gemessen. Somit wird \u00fcberpr\u00fcft, ob im Falle eines Blitzeinschlages das Blitzschutzsystem der Anlage funktioniert und der Blitzstrom zuverl\u00e4ssig in den Boden abgeleitet wird.<\/p>\n\n\n\n<h4 class=\"wp-block-heading\">Videoendoskopie<\/h4>\n\n\n\n<p>Bei der Videoendoskopie werden Bereiche inspiziert, die bei einer visuellen Pr\u00fcfung nicht zug\u00e4nglich sind. Dabei werden i. d. R. Laufbahnen, W\u00e4lzk\u00f6rper und K\u00e4fige von Lagern sowie Verzahnungen inspiziert<\/p>\n\n\n\n<h4 class=\"wp-block-heading\">Gutachten zum Weiterbetrieb<\/h4>\n\n\n\n<p>Das Gutachten zum Weiterbetrieb dient der Ermittlung potentieller Reserven zur Verl\u00e4ngerung der Betriebsdauer \u00fcber die kalkulierte Betriebsdauer von i. d. R. 20 Jahren.\u00a0<\/p>\n","protected":false},"excerpt":{"rendered":"<p>Pr\u00fcfung vor Ende Gew\u00e4hrleistung Die Pr\u00fcfung vor Ende der Gew\u00e4hrleistung ist eine umfangreiche technische Pr\u00fcfung der kompletten Windkraftanlage inkl. Rotorbl\u00e4tter. Sie dient insbesondere dazu, M\u00e4ngel vor dem Auslaufen der Gew\u00e4hrleistung festzustellen, um sie rechtzeitig gegen\u00fcber dem Hersteller geltend machen zu k\u00f6nnen. Wiederkehrende Pr\u00fcfung Die Wiederkehrende Pr\u00fcfung wird i. d. R. in der Typen- und\/oder Baugenehmigung &hellip; <\/p>\n<p class=\"link-more\"><a href=\"https:\/\/16-27.de\/de\/betriebsphase-planmaessige-pruefungen-2\/\" class=\"more-link\"><span class=\"screen-reader-text\">\u201eBetriebsphase, planm\u00e4\u00dfige Pr\u00fcfungen\u201c<\/span> weiterlesen<\/a><\/p>\n","protected":false},"author":1,"featured_media":0,"parent":0,"menu_order":0,"comment_status":"closed","ping_status":"closed","template":"","meta":{"footnotes":""},"class_list":["post-99","page","type-page","status-publish","hentry"],"translation":{"provider":"WPGlobus","version":"3.0.0","language":"de","enabled_languages":["en","de","es"],"languages":{"en":{"title":true,"content":true,"excerpt":false},"de":{"title":true,"content":true,"excerpt":false},"es":{"title":true,"content":true,"excerpt":false}}},"_links":{"self":[{"href":"https:\/\/16-27.de\/de\/wp-json\/wp\/v2\/pages\/99","targetHints":{"allow":["GET"]}}],"collection":[{"href":"https:\/\/16-27.de\/de\/wp-json\/wp\/v2\/pages"}],"about":[{"href":"https:\/\/16-27.de\/de\/wp-json\/wp\/v2\/types\/page"}],"author":[{"embeddable":true,"href":"https:\/\/16-27.de\/de\/wp-json\/wp\/v2\/users\/1"}],"replies":[{"embeddable":true,"href":"https:\/\/16-27.de\/de\/wp-json\/wp\/v2\/comments?post=99"}],"version-history":[{"count":13,"href":"https:\/\/16-27.de\/de\/wp-json\/wp\/v2\/pages\/99\/revisions"}],"predecessor-version":[{"id":987,"href":"https:\/\/16-27.de\/de\/wp-json\/wp\/v2\/pages\/99\/revisions\/987"}],"wp:attachment":[{"href":"https:\/\/16-27.de\/de\/wp-json\/wp\/v2\/media?parent=99"}],"curies":[{"name":"wp","href":"https:\/\/api.w.org\/{rel}","templated":true}]}}