{"id":95,"date":"2020-03-02T12:03:22","date_gmt":"2020-03-02T11:03:22","guid":{"rendered":"http:\/\/16-27.de\/?page_id=95"},"modified":"2020-03-08T13:57:18","modified_gmt":"2020-03-08T12:57:18","slug":"ende-der-betriebsphase","status":"publish","type":"page","link":"https:\/\/16-27.de\/de\/ende-der-betriebsphase\/","title":{"rendered":"Ende der Betriebsphase"},"content":{"rendered":"\n<h4 class=\"wp-block-heading\">Weiterbetriebsgutachten<strong>&nbsp;<\/strong><\/h4>\n\n\n\n<p>Das Gutachten zum Weiterbetrieb dient der Ermittlung potentieller Reserven zur Verl\u00e4ngerung der Betriebsdauer \u00fcber die kalkulierte Betriebsdauer von i. d. R. 20 Jahren.\u00a0<\/p>\n\n\n\n<h4 class=\"wp-block-heading\">R\u00fcckbaukostengutachten<\/h4>\n\n\n\n<p>R\u00fcckbaukostengutachten dienen der Bestimmung der H\u00f6he von B\u00fcrgschaften oder R\u00fccklagen aus genehmigungsrechtlicher oder steuerrechtlicher Sicht<\/p>\n","protected":false},"excerpt":{"rendered":"<p>Weiterbetriebsgutachten&nbsp; Das Gutachten zum Weiterbetrieb dient der Ermittlung potentieller Reserven zur Verl\u00e4ngerung der Betriebsdauer \u00fcber die kalkulierte Betriebsdauer von i. d. R. 20 Jahren.\u00a0 R\u00fcckbaukostengutachten R\u00fcckbaukostengutachten dienen der Bestimmung der H\u00f6he von B\u00fcrgschaften oder R\u00fccklagen aus genehmigungsrechtlicher oder steuerrechtlicher Sicht<\/p>\n","protected":false},"author":1,"featured_media":0,"parent":0,"menu_order":0,"comment_status":"closed","ping_status":"closed","template":"","meta":{"footnotes":""},"class_list":["post-95","page","type-page","status-publish","hentry"],"translation":{"provider":"WPGlobus","version":"3.0.0","language":"de","enabled_languages":["en","de","es"],"languages":{"en":{"title":true,"content":true,"excerpt":false},"de":{"title":true,"content":true,"excerpt":false},"es":{"title":true,"content":true,"excerpt":false}}},"_links":{"self":[{"href":"https:\/\/16-27.de\/de\/wp-json\/wp\/v2\/pages\/95","targetHints":{"allow":["GET"]}}],"collection":[{"href":"https:\/\/16-27.de\/de\/wp-json\/wp\/v2\/pages"}],"about":[{"href":"https:\/\/16-27.de\/de\/wp-json\/wp\/v2\/types\/page"}],"author":[{"embeddable":true,"href":"https:\/\/16-27.de\/de\/wp-json\/wp\/v2\/users\/1"}],"replies":[{"embeddable":true,"href":"https:\/\/16-27.de\/de\/wp-json\/wp\/v2\/comments?post=95"}],"version-history":[{"count":12,"href":"https:\/\/16-27.de\/de\/wp-json\/wp\/v2\/pages\/95\/revisions"}],"predecessor-version":[{"id":799,"href":"https:\/\/16-27.de\/de\/wp-json\/wp\/v2\/pages\/95\/revisions\/799"}],"wp:attachment":[{"href":"https:\/\/16-27.de\/de\/wp-json\/wp\/v2\/media?parent=95"}],"curies":[{"name":"wp","href":"https:\/\/api.w.org\/{rel}","templated":true}]}}