{"id":92,"date":"2020-03-02T12:03:08","date_gmt":"2020-03-02T11:03:08","guid":{"rendered":"http:\/\/16-27.de\/?page_id=92"},"modified":"2020-03-09T13:32:31","modified_gmt":"2020-03-09T12:32:31","slug":"betriebsphase-ausserplanmaessige-pruefungen","status":"publish","type":"page","link":"https:\/\/16-27.de\/de\/betriebsphase-ausserplanmaessige-pruefungen\/","title":{"rendered":"Betriebsphase, au\u00dferplanm\u00e4\u00dfige Pr\u00fcfungen"},"content":{"rendered":"\n<h4 class=\"wp-block-heading\">Schadensanalysen<\/h4>\n\n\n\n<p>Wir f\u00fchren Schadensanalysen nach Schadensf\u00e4llen aller Art durch. Dies umfasst u. a. Sch\u00e4den an Rotorbl\u00e4ttern, Lagern, Getrieben, Generatoren, Fundamenten sowie Brandsch\u00e4den.\u00a0 <\/p>\n\n\n\n<figure class=\"wp-block-image size-large\"><img loading=\"lazy\" decoding=\"async\" width=\"800\" height=\"455\" src=\"http:\/\/16-27.de\/wp-content\/uploads\/2020\/03\/P1050428_800x455_.jpg\" alt=\"\" class=\"wp-image-918\" srcset=\"https:\/\/16-27.de\/wp-content\/uploads\/2020\/03\/P1050428_800x455_.jpg 800w, https:\/\/16-27.de\/wp-content\/uploads\/2020\/03\/P1050428_800x455_-300x171.jpg 300w, https:\/\/16-27.de\/wp-content\/uploads\/2020\/03\/P1050428_800x455_-768x437.jpg 768w\" sizes=\"auto, (max-width: 767px) 89vw, (max-width: 1000px) 54vw, (max-width: 1071px) 543px, 580px\" \/><\/figure>\n\n\n\n<h4 class=\"wp-block-heading\">Thermografie<\/h4>\n\n\n\n<p>Hauptanwendungsgebiet der Thermografie ist die Pr\u00fcfung der elektrischen Anlage.&nbsp;Dabei erkennt man beispielsweise defekte Bauteile oder lose Verschraubungen, die andernfalls zum Totalverlust der Windkraftanlage f\u00fchren k\u00f6nnen.<\/p>\n\n\n\n<h4 class=\"wp-block-heading\">Farbeindringverfahren<\/h4>\n\n\n\n<p>Das Farbeindringverfahren dient zur Risserkennung in strukturrelevanten Bauteilen.<\/p>\n\n\n\n<h4 class=\"wp-block-heading\">Reparaturbegleitung<\/h4>\n\n\n\n<p>Bei der Reparaturbegleitung findet eine Qualit\u00e4ts\u00fcberwachung von Reparaturarbeiten statt. Ein hohes Augenmerk liegt dabei auf der ordnungsgem\u00e4\u00dfen Durchf\u00fchrung der Reparaturen und auf der Vermeidung von unn\u00f6tigen\/erh\u00f6hten Reparaturkosten.<\/p>\n","protected":false},"excerpt":{"rendered":"<p>Schadensanalysen Wir f\u00fchren Schadensanalysen nach Schadensf\u00e4llen aller Art durch. Dies umfasst u. a. Sch\u00e4den an Rotorbl\u00e4ttern, Lagern, Getrieben, Generatoren, Fundamenten sowie Brandsch\u00e4den.\u00a0 Thermografie Hauptanwendungsgebiet der Thermografie ist die Pr\u00fcfung der elektrischen Anlage.&nbsp;Dabei erkennt man beispielsweise defekte Bauteile oder lose Verschraubungen, die andernfalls zum Totalverlust der Windkraftanlage f\u00fchren k\u00f6nnen. Farbeindringverfahren Das Farbeindringverfahren dient zur Risserkennung in &hellip; <\/p>\n<p class=\"link-more\"><a href=\"https:\/\/16-27.de\/de\/betriebsphase-ausserplanmaessige-pruefungen\/\" class=\"more-link\"><span class=\"screen-reader-text\">\u201eBetriebsphase, au\u00dferplanm\u00e4\u00dfige Pr\u00fcfungen\u201c<\/span> weiterlesen<\/a><\/p>\n","protected":false},"author":1,"featured_media":0,"parent":0,"menu_order":0,"comment_status":"closed","ping_status":"closed","template":"","meta":{"footnotes":""},"class_list":["post-92","page","type-page","status-publish","hentry"],"translation":{"provider":"WPGlobus","version":"3.0.0","language":"de","enabled_languages":["en","de","es"],"languages":{"en":{"title":true,"content":true,"excerpt":false},"de":{"title":true,"content":true,"excerpt":false},"es":{"title":true,"content":true,"excerpt":false}}},"_links":{"self":[{"href":"https:\/\/16-27.de\/de\/wp-json\/wp\/v2\/pages\/92","targetHints":{"allow":["GET"]}}],"collection":[{"href":"https:\/\/16-27.de\/de\/wp-json\/wp\/v2\/pages"}],"about":[{"href":"https:\/\/16-27.de\/de\/wp-json\/wp\/v2\/types\/page"}],"author":[{"embeddable":true,"href":"https:\/\/16-27.de\/de\/wp-json\/wp\/v2\/users\/1"}],"replies":[{"embeddable":true,"href":"https:\/\/16-27.de\/de\/wp-json\/wp\/v2\/comments?post=92"}],"version-history":[{"count":13,"href":"https:\/\/16-27.de\/de\/wp-json\/wp\/v2\/pages\/92\/revisions"}],"predecessor-version":[{"id":922,"href":"https:\/\/16-27.de\/de\/wp-json\/wp\/v2\/pages\/92\/revisions\/922"}],"wp:attachment":[{"href":"https:\/\/16-27.de\/de\/wp-json\/wp\/v2\/media?parent=92"}],"curies":[{"name":"wp","href":"https:\/\/api.w.org\/{rel}","templated":true}]}}