{"id":88,"date":"2020-03-02T12:02:46","date_gmt":"2020-03-02T11:02:46","guid":{"rendered":"http:\/\/16-27.de\/?page_id=88"},"modified":"2020-03-10T16:47:52","modified_gmt":"2020-03-10T15:47:52","slug":"bauphase","status":"publish","type":"page","link":"https:\/\/16-27.de\/de\/bauphase\/","title":{"rendered":"Bauphase"},"content":{"rendered":"\n<h4 class=\"wp-block-heading\">Fertigungs\u00fcberwachung<\/h4>\n\n\n\n<p>Bei der Fertigungs\u00fcberwachung findet eine Qualit\u00e4ts\u00fcberwachung der Komponenten w\u00e4hrend der Produktion statt. Sie empfiehlt sich insbesondere bei gro\u00dfen Projekten wie z. B. Offshoreprojekten. <\/p>\n\n\n\n<h4 class=\"wp-block-heading\">Werksabnahme<\/h4>\n\n\n\n<p>Die Werksabnahme ist die Abnahme Vor-Ort im Fertigungswerk. Sie findet vor der Auslieferung statt und dient der Kontrolle und Qualit\u00e4tssicherung der Komponenten sowie der Freigabe zur Auslieferung.<\/p>\n\n\n\n<h4 class=\"wp-block-heading\">Baufortschritts\u00fcberwachung<\/h4>\n\n\n\n<p>Die&nbsp;Baufortschritts\u00fcberwachung&nbsp;dient dazu die Anlieferung der Komponenten, die Abl\u00e4ufe sowie die Qualit\u00e4t der ausgef\u00fchrten Arbeiten zu kontrollieren.<\/p>\n\n\n\n<h4 class=\"wp-block-heading\">Pr\u00fcfung nach Inbetriebnahme<\/h4>\n\n\n\n<p>Die Pr\u00fcfung nach Inbetriebnahme ist eine umfangreiche technische Pr\u00fcfung der kompletten Windkraftanlage, auf Wunsch inkl. Rotorbl\u00e4tter. Sie dient insbesondere dazu, M\u00e4ngel vor Zahlung der letzten Rate des Kaufpreises zu identifizieren um ggf. entsprechende Einbehalte machen zu k\u00f6nnen. Sch\u00e4den an Rotorbl\u00e4ttern, die w\u00e4hrend der Montage aufgetreten sind, k\u00f6nnen mithilfe einer Pr\u00fcfung dokumentiert werden. <\/p>\n\n\n\n<h4 class=\"wp-block-heading\">Konformit\u00e4tspr\u00fcfung Kaufvertrag<\/h4>\n\n\n\n<p>\u00dcberpr\u00fcfung der Anlage auf Konformit\u00e4t mit dem Kaufvertrag.<\/p>\n\n\n\n<h4 class=\"wp-block-heading\">Konformit\u00e4tspr\u00fcfung BImschG-Genehmigung<\/h4>\n\n\n\n<p>\u00dcberpr\u00fcfung der Anlage auf Konformit\u00e4t mit den Auflagen der Baugenehmigung.<\/p>\n","protected":false},"excerpt":{"rendered":"<p>Fertigungs\u00fcberwachung Bei der Fertigungs\u00fcberwachung findet eine Qualit\u00e4ts\u00fcberwachung der Komponenten w\u00e4hrend der Produktion statt. Sie empfiehlt sich insbesondere bei gro\u00dfen Projekten wie z. B. Offshoreprojekten. Werksabnahme Die Werksabnahme ist die Abnahme Vor-Ort im Fertigungswerk. Sie findet vor der Auslieferung statt und dient der Kontrolle und Qualit\u00e4tssicherung der Komponenten sowie der Freigabe zur Auslieferung. Baufortschritts\u00fcberwachung Die&nbsp;Baufortschritts\u00fcberwachung&nbsp;dient dazu &hellip; <\/p>\n<p class=\"link-more\"><a href=\"https:\/\/16-27.de\/de\/bauphase\/\" class=\"more-link\"><span class=\"screen-reader-text\">\u201eBauphase\u201c<\/span> weiterlesen<\/a><\/p>\n","protected":false},"author":1,"featured_media":0,"parent":0,"menu_order":0,"comment_status":"closed","ping_status":"closed","template":"","meta":{"footnotes":""},"class_list":["post-88","page","type-page","status-publish","hentry"],"translation":{"provider":"WPGlobus","version":"3.0.0","language":"de","enabled_languages":["en","de","es"],"languages":{"en":{"title":true,"content":true,"excerpt":false},"de":{"title":true,"content":true,"excerpt":false},"es":{"title":true,"content":true,"excerpt":false}}},"_links":{"self":[{"href":"https:\/\/16-27.de\/de\/wp-json\/wp\/v2\/pages\/88","targetHints":{"allow":["GET"]}}],"collection":[{"href":"https:\/\/16-27.de\/de\/wp-json\/wp\/v2\/pages"}],"about":[{"href":"https:\/\/16-27.de\/de\/wp-json\/wp\/v2\/types\/page"}],"author":[{"embeddable":true,"href":"https:\/\/16-27.de\/de\/wp-json\/wp\/v2\/users\/1"}],"replies":[{"embeddable":true,"href":"https:\/\/16-27.de\/de\/wp-json\/wp\/v2\/comments?post=88"}],"version-history":[{"count":13,"href":"https:\/\/16-27.de\/de\/wp-json\/wp\/v2\/pages\/88\/revisions"}],"predecessor-version":[{"id":934,"href":"https:\/\/16-27.de\/de\/wp-json\/wp\/v2\/pages\/88\/revisions\/934"}],"wp:attachment":[{"href":"https:\/\/16-27.de\/de\/wp-json\/wp\/v2\/media?parent=88"}],"curies":[{"name":"wp","href":"https:\/\/api.w.org\/{rel}","templated":true}]}}