{"id":84,"date":"2020-03-02T11:51:33","date_gmt":"2020-03-02T10:51:33","guid":{"rendered":"http:\/\/16-27.de\/?page_id=84"},"modified":"2020-03-13T11:55:15","modified_gmt":"2020-03-13T10:55:15","slug":"technische-pruefung","status":"publish","type":"page","link":"https:\/\/16-27.de\/de\/leistungen\/technische-pruefung\/","title":{"rendered":"Technische Pr\u00fcfung"},"content":{"rendered":"\n<p>Schon vor der Inbetriebnahme einer Windkraftanlage k\u00f6nnen wir sie in den Bereichen der Fertigungs- und Baufortschritts\u00fcberwachung so wie der Werksabnahme unterst\u00fctzen.<\/p>\n\n\n\n<h4 class=\"wp-block-heading\">Bauphase<\/h4>\n\n\n\n<p><strong>Fertigungs\u00fcberwachung<\/strong><\/p>\n\n\n\n<p>Bei der Fertigungs\u00fcberwachung findet eine Qualit\u00e4ts\u00fcberwachung der Komponenten w\u00e4hrend der Produktion statt. Sie empfiehlt sich insbesondere bei gro\u00dfen Projekten wie z.B. Offshoreprojekten. <\/p>\n\n\n\n<p><strong>Werksabnahme<\/strong><\/p>\n\n\n\n<p>Die Werksabnahme ist die Abnahme Vor-Ort im Fertigungswerk. Sie findet vor der Auslieferung statt und dient der Kontrolle und Qualit\u00e4tssicherung der Komponenten sowie der Freigabe zur Auslieferung.<\/p>\n\n\n\n<p><strong>Baufortschritts\u00fcberwachung<\/strong><\/p>\n\n\n\n<p>Die&nbsp;Baufortschritts\u00fcberwachung&nbsp;dient dazu die Anlieferung der Komponenten, die Abl\u00e4ufe sowie die Qualit\u00e4t der ausgef\u00fchrten Arbeiten zu kontrollieren.<\/p>\n\n\n\n<p><strong>Pr\u00fcfung nach Inbetriebnahme<\/strong><\/p>\n\n\n\n<p>Die Pr\u00fcfung nach Inbetriebnahme ist eine umfangreiche technische Pr\u00fcfung der kompletten Windkraftanlage, auf Wunsch inkl. Rotorbl\u00e4tter. Sie dient insbesondere dazu, M\u00e4ngel vor Zahlung der letzten Rate des Kaufpreises zu identifizieren um ggf. entsprechende Einbehalte machen zu k\u00f6nnen.&nbsp;&nbsp;Sch\u00e4den an Rotorbl\u00e4ttern, die w\u00e4hrend der Montage aufgetreten sind, k\u00f6nnen mithilfe einer Pr\u00fcfung dokumentiert werden. <\/p>\n\n\n\n<p><strong>Konformit\u00e4tspr\u00fcfung Kaufvertrag<\/strong><\/p>\n\n\n\n<p>\u00dcberpr\u00fcfung der Anlage auf Konformit\u00e4t mit dem Kaufvertrag.<\/p>\n\n\n\n<p><strong>Konformit\u00e4tspr\u00fcfung BImschG-Genehmigung<\/strong><\/p>\n\n\n\n<p>\u00dcberpr\u00fcfung der Anlage auf Konformit\u00e4t mit den Auflagen der Baugenehmigung.<\/p>\n\n\n\n<h4 class=\"wp-block-heading\">Betriebsphase, planm\u00e4\u00dfige Pr\u00fcfungen<\/h4>\n\n\n\n<p><strong>Pr\u00fcfung vor Ende Gew\u00e4hrleistung<\/strong><\/p>\n\n\n\n<p>Die Pr\u00fcfung vor Ende der Gew\u00e4hrleistung ist eine umfangreiche technische Pr\u00fcfung der kompletten Windkraftanlage inkl. Rotorbl\u00e4tter. Sie dient insbesondere dazu, M\u00e4ngel vor dem Auslaufen der Gew\u00e4hrleistung festzustellen, um sie rechtzeitig gegen\u00fcber dem Hersteller geltend machen zu k\u00f6nnen.<\/p>\n\n\n\n<p><strong>Wiederkehrende Pr\u00fcfung<\/strong><\/p>\n\n\n\n<p>Die Wiederkehrende Pr\u00fcfung wird i.d.R.in der Typen- und\/oder Baugenehmigung verlangt und ist entsprechend der Auflagen regelm\u00e4\u00dfig (i.d.R. alle zwei bis vier Jahre) durchzuf\u00fchren. Dabei wird die komplette Windkraftanlage gepr\u00fcft. <\/p>\n\n\n\n<p><strong>Zustandsorientierte Pr\u00fcfung<\/strong><\/p>\n\n\n\n<p>Die zustandsorientierte Pr\u00fcfung wird durch die Versicherungsbedingungen von Maschinenbruch- und Unterbrechungsversicherungen vorgegeben. Es handelt sich um eine technische Pr\u00fcfung der gesamten Windkraftanlage, erg\u00e4nzt durch eine Offline-Schwingungsanalyse des Triebstrangs (Offline-CMS) und eine Blitzschutzdurchgangsmessung.<\/p>\n\n\n\n<p><strong>Offline-CMS<\/strong><\/p>\n\n\n\n<p>Eine Offline-Schwingungsanalyse des Triebstrangs kann mithilfe eines Offline-CMS durchgef\u00fchrt werden. Sie dient dazu Zustandsver\u00e4nderungen zu erkennen und Sch\u00e4den fr\u00fchzeitig zu erkennen, welche zu unerw\u00fcnschten Ausfallzeiten f\u00fchren k\u00f6nnen.<\/p>\n\n\n\n<p><strong>Blitzschutzdurchgangspr\u00fcfung<\/strong><\/p>\n\n\n\n<p>Bei der Blitzschutzdurchgangspr\u00fcfung wird der Widerstand zwischen den Rezeptoren des Blattes und der Erdung der Anlage gemessen. Somit wird \u00fcberpr\u00fcft, ob im Falle eines Blitzeinschlages das Blitzschutzsystem der Anlage funktioniert und der Blitzstrom zuverl\u00e4ssig in den Boden abgeleitet wird.<\/p>\n\n\n\n<p><strong>Videoendoskopie<\/strong><\/p>\n\n\n\n<p>Bei der Videoendoskopie werden Bereiche inspiziert, die bei einer visuellen Pr\u00fcfung nicht zug\u00e4nglich sind. Dabei werden i.d.R. Laufbahnen, W\u00e4lzk\u00f6rper und K\u00e4fige von Lagern sowie Verzahnungen. inspiziert<\/p>\n\n\n\n<p><strong>Gutachten zum Weiterbetrieb<\/strong><\/p>\n\n\n\n<p>Das Gutachten zum Weiterbetrieb dient der Ermittlung potentieller Reserven zur Verl\u00e4ngerung der Betriebsdauer \u00fcber die kalkulierte Betriebsdauer von i.d.R. 20 Jahren.&nbsp;<\/p>\n\n\n\n<h4 class=\"wp-block-heading\">Betriebsphase, au\u00dferplanm\u00e4\u00dfige Pr\u00fcfungen<\/h4>\n\n\n\n<p><strong>Schadensanalysen<\/strong><\/p>\n\n\n\n<p>Wir f\u00fchren Schadensanalysen nach Schadensf\u00e4llen aller Art durch. Dabei stehen wir Ihnen ebenso beratend in Bezug auf Beh\u00f6rden und Versicherungen zur Seite, wie bei der Durchf\u00fchrung, der Inspektion vor Ort und der Schadensdokumentation. <\/p>\n\n\n\n<p><strong>Thermografie<\/strong><\/p>\n\n\n\n<p>Hauptanwendungsgebiet der Thermografie ist die Pr\u00fcfung der elektrischen Anlage.&nbsp;Dabei erkennt man beispielsweise defekte Bauteile oder lose Verschraubungen, die andernfalls zum Totalverlust der Windkraftanlage f\u00fchren k\u00f6nnen.<\/p>\n\n\n\n<p><strong>Farbeindringverfahren<\/strong><\/p>\n\n\n\n<p>Das Farbeindringverfahren dient zur Risserkennung in strukturrelevanten Bauteilen.<\/p>\n\n\n\n<p><strong>Reparaturbegleitung<\/strong><\/p>\n\n\n\n<p>Bei der Reparaturbegleitung findet eine Qualit\u00e4ts\u00fcberwachung von Reparaturarbeiten statt. Ein hohes Augenmerk liegt dabei auf der ordnungsgem\u00e4\u00dfen Durchf\u00fchrung der Reparaturen und auf der Vermeidung von unn\u00f6tigen\/erh\u00f6hten Reparaturkosten.<\/p>\n\n\n\n<h4 class=\"wp-block-heading\">Ende der Betriebsphase&nbsp;<\/h4>\n\n\n\n<p><strong>Weiterbetriebsgutachten&nbsp;<\/strong><\/p>\n\n\n\n<p>Das Gutachten zum Weiterbetrieb dient der Ermittlung potentieller Reserven zur Verl\u00e4ngerung der Betriebsdauer \u00fcber die kalkulierte Betriebsdauer von i.d.R. 20 Jahren.<\/p>\n\n\n\n<p><strong>R\u00fcckbaukostengutachten<\/strong><\/p>\n\n\n\n<p>R\u00fcckbaukostengutachten dienen der Bestimmung der H\u00f6he von B\u00fcrgschaften oder R\u00fccklagen aus genehmigungsrechtlicher oder steuerrechtlicher Sicht.<\/p>\n","protected":false},"excerpt":{"rendered":"<p>Schon vor der Inbetriebnahme einer Windkraftanlage k\u00f6nnen wir sie in den Bereichen der Fertigungs- und Baufortschritts\u00fcberwachung so wie der Werksabnahme unterst\u00fctzen. Bauphase Fertigungs\u00fcberwachung Bei der Fertigungs\u00fcberwachung findet eine Qualit\u00e4ts\u00fcberwachung der Komponenten w\u00e4hrend der Produktion statt. Sie empfiehlt sich insbesondere bei gro\u00dfen Projekten wie z.B. Offshoreprojekten. Werksabnahme Die Werksabnahme ist die Abnahme Vor-Ort im Fertigungswerk. Sie &hellip; <\/p>\n<p class=\"link-more\"><a href=\"https:\/\/16-27.de\/de\/leistungen\/technische-pruefung\/\" class=\"more-link\"><span class=\"screen-reader-text\">\u201eTechnische Pr\u00fcfung\u201c<\/span> weiterlesen<\/a><\/p>\n","protected":false},"author":1,"featured_media":0,"parent":51,"menu_order":0,"comment_status":"closed","ping_status":"closed","template":"","meta":{"footnotes":""},"class_list":["post-84","page","type-page","status-publish","hentry"],"translation":{"provider":"WPGlobus","version":"3.0.0","language":"de","enabled_languages":["en","de","es"],"languages":{"en":{"title":true,"content":true,"excerpt":false},"de":{"title":true,"content":true,"excerpt":false},"es":{"title":true,"content":true,"excerpt":false}}},"_links":{"self":[{"href":"https:\/\/16-27.de\/de\/wp-json\/wp\/v2\/pages\/84","targetHints":{"allow":["GET"]}}],"collection":[{"href":"https:\/\/16-27.de\/de\/wp-json\/wp\/v2\/pages"}],"about":[{"href":"https:\/\/16-27.de\/de\/wp-json\/wp\/v2\/types\/page"}],"author":[{"embeddable":true,"href":"https:\/\/16-27.de\/de\/wp-json\/wp\/v2\/users\/1"}],"replies":[{"embeddable":true,"href":"https:\/\/16-27.de\/de\/wp-json\/wp\/v2\/comments?post=84"}],"version-history":[{"count":14,"href":"https:\/\/16-27.de\/de\/wp-json\/wp\/v2\/pages\/84\/revisions"}],"predecessor-version":[{"id":1021,"href":"https:\/\/16-27.de\/de\/wp-json\/wp\/v2\/pages\/84\/revisions\/1021"}],"up":[{"embeddable":true,"href":"https:\/\/16-27.de\/de\/wp-json\/wp\/v2\/pages\/51"}],"wp:attachment":[{"href":"https:\/\/16-27.de\/de\/wp-json\/wp\/v2\/media?parent=84"}],"curies":[{"name":"wp","href":"https:\/\/api.w.org\/{rel}","templated":true}]}}