{"id":82,"date":"2020-03-02T11:49:33","date_gmt":"2020-03-02T10:49:33","guid":{"rendered":"http:\/\/16-27.de\/?page_id=82"},"modified":"2020-03-10T17:59:28","modified_gmt":"2020-03-10T16:59:28","slug":"due-diligence","status":"publish","type":"page","link":"https:\/\/16-27.de\/de\/due-diligence\/","title":{"rendered":"Due Diligence"},"content":{"rendered":"\n<h4 class=\"wp-block-heading\">Turbine Due Diligence<\/h4>\n\n\n\n<p>Bei der Turbine Due Diligence wird gepr\u00fcft &#8211; beispielsweise f\u00fcr potentielle Lizenznehmer oder f\u00fcr potentielle Standorte und Rahmenbedingungen, On- wie Offshore &#8211; welches Anlagenkonzept oder welche Anlage am geeignetsten ist. Die Windkraftanlagen k\u00f6nnen sich dabei noch im Entwicklungs- oder Prototypenstadium befinden.<em>&nbsp;<\/em><\/p>\n\n\n\n<h4 class=\"wp-block-heading\">Projekt (Technische) Due Diligence<\/h4>\n\n\n\n<p>Bei der Technischen Due Diligence werden Windparks zur Vorbereitung einer Kaufentscheidung auf Herz und Nieren aus technischer Sicht gepr\u00fcft.&nbsp;<\/p>\n\n\n\n<h4 class=\"wp-block-heading\">BImSchG<\/h4>\n\n\n\n<p>Es wird gepr\u00fcft, ob eine Genehmigung nach BImSchG vorliegt, welche Betriebsbeschr\u00e4nkungen gelten (z.B. Schall, Flederm\u00e4use, Eisansatz etc.) und auf damit verbundene Risiken bez\u00fcglich Minderertr\u00e4gen hingewiesen. Die dazugeh\u00f6rigen Gutachten werden gesichtet und mit den entsprechenden Bestimmungen der Genehmigung abgeglichen. Dazu geh\u00f6ren insbesondere&nbsp;<\/p>\n\n\n\n<ul class=\"wp-block-list\"><li>Schallgutachten<\/li><li>Schattengutachten<\/li><li>Turbulenzgutachten<\/li><li>Boden- und Baugrundgutachten<\/li><\/ul>\n\n\n\n<h4 class=\"wp-block-heading\">Regionalplan<\/h4>\n\n\n\n<p>Weiter erfolgt eine \u00dcberpr\u00fcfung des zum Standort geh\u00f6rigen Regionalplans, z. B. hinsichtlich der Zul\u00e4ssigkeit oder m\u00f6glicher Zubaugefahren.<\/p>\n\n\n\n<h4 class=\"wp-block-heading\">Netzanschluss\/SDL<\/h4>\n\n\n\n<p>Die elektrotechnische Infrastruktur wird \u00fcberpr\u00fcft (parkinterne \/ -externe Verkabelung, \u00dcbergabepunkt, Umspannwerk etc.). Alle relevanten Vertr\u00e4ge \/ Korrespondenz werden gesichtet und bewertet. Dazu geh\u00f6ren insbesondere soweit vorhanden:<\/p>\n\n\n\n<ul class=\"wp-block-list\"><li>Einspeisezusage bzw. Netzanschluss- und Anschlussnutzungsvertrag<\/li><li>Vertrag \u00fcber Mitnutzung eines zum Windpark geh\u00f6rigen Umspannwerks \/ Poolingvertrag<\/li><li>Infrastrukturnutzungsvertrag<\/li><li>Abrechnungsvertrag \u00fcber die Lieferung von elektrischer Energie<\/li><\/ul>\n\n\n\n<h4 class=\"wp-block-heading\">Technische Vertragspr\u00fcfung<\/h4>\n\n\n\n<p>Alle relevanten Vertr\u00e4ge nebst Anh\u00e4ngen werden gesichtet und mit Fokus auf Gegenstand der Vertr\u00e4ge, Lieferbedingungen, Garantien, Sondervereinbarungen etc. bewertet. Dazu geh\u00f6ren insbesondere soweit verf\u00fcgbar:<\/p>\n\n\n\n<ul class=\"wp-block-list\"><li>General\u00fcbernehmer- bzw. Projektentwicklungsvertrag und Subvertr\u00e4ge<\/li><li>Ggf. Bauzeitenplan<\/li><li>Ggf. Baufortschrittsberichte<\/li><li>Kaufvertrag Windkraftanlagen<\/li><li>Wartungsvertrag<\/li><li>Vertrag \u00fcber die technische Betriebsf\u00fchrung<\/li><li>Vertrag \u00fcber die kaufm\u00e4nnische Betriebsf\u00fchrung<\/li><li>Versicherungsvertr\u00e4ge<\/li><\/ul>\n\n\n\n<h4 class=\"wp-block-heading\">Standortbesichtigung<\/h4>\n\n\n\n<p>Es erfolgt eine Standortbesichtigung, um einen Gesamteindruck vom Projekt zu gewinnen (z. B. existierende und potentielle Nachbarwindparks, Zuwegung, Netzanschluss etc.).<\/p>\n\n\n\n<p>Bei bestehenden Parks erfolgt eine stichprobenhafte Begehung \/ Besteigung&nbsp;&nbsp;von Windkraftanlagen, um eine technische Beurteilung des Anlagenzustandes geben zu k\u00f6nnen.<\/p>\n\n\n\n<p>Dar\u00fcber hinaus wird der Netzverkn\u00fcpfungspunkt (\u00dcbergabestation bzw. Umspannwerk) besichtigt, sofern ein Zugang m\u00f6glich ist.<\/p>\n\n\n\n<h4 class=\"wp-block-heading\">Herstellerbewertung<\/h4>\n\n\n\n<p>Der Anlagenhersteller wird vorgestellt und bewertet. Des Weiteren erfolgt eine Erl\u00e4uterung der Technik des Anlagentyps und es wird auf Betriebserfahrungen mit dem Anlagentyp eingegangen.<\/p>\n\n\n\n<p>Probleme mit dem Anlagentyp oder H\u00e4ufungen von Sch\u00e4den sowie Empfehlungen zum Umgang damit werden aufgezeigt.<\/p>\n\n\n\n<h4 class=\"wp-block-heading\">Ertragsgutachten<\/h4>\n\n\n\n<p>Optional bieten wir die Bewertung von Ertragsgutachten an.<\/p>\n","protected":false},"excerpt":{"rendered":"<p>Turbine Due Diligence Bei der Turbine Due Diligence wird gepr\u00fcft &#8211; beispielsweise f\u00fcr potentielle Lizenznehmer oder f\u00fcr potentielle Standorte und Rahmenbedingungen, On- wie Offshore &#8211; welches Anlagenkonzept oder welche Anlage am geeignetsten ist. Die Windkraftanlagen k\u00f6nnen sich dabei noch im Entwicklungs- oder Prototypenstadium befinden.&nbsp; Projekt (Technische) Due Diligence Bei der Technischen Due Diligence werden Windparks &hellip; <\/p>\n<p class=\"link-more\"><a href=\"https:\/\/16-27.de\/de\/due-diligence\/\" class=\"more-link\"><span class=\"screen-reader-text\">\u201eDue Diligence\u201c<\/span> weiterlesen<\/a><\/p>\n","protected":false},"author":1,"featured_media":0,"parent":0,"menu_order":0,"comment_status":"closed","ping_status":"closed","template":"","meta":{"footnotes":""},"class_list":["post-82","page","type-page","status-publish","hentry"],"translation":{"provider":"WPGlobus","version":"3.0.0","language":"de","enabled_languages":["en","de","es"],"languages":{"en":{"title":true,"content":true,"excerpt":false},"de":{"title":true,"content":true,"excerpt":false},"es":{"title":true,"content":true,"excerpt":false}}},"_links":{"self":[{"href":"https:\/\/16-27.de\/de\/wp-json\/wp\/v2\/pages\/82","targetHints":{"allow":["GET"]}}],"collection":[{"href":"https:\/\/16-27.de\/de\/wp-json\/wp\/v2\/pages"}],"about":[{"href":"https:\/\/16-27.de\/de\/wp-json\/wp\/v2\/types\/page"}],"author":[{"embeddable":true,"href":"https:\/\/16-27.de\/de\/wp-json\/wp\/v2\/users\/1"}],"replies":[{"embeddable":true,"href":"https:\/\/16-27.de\/de\/wp-json\/wp\/v2\/comments?post=82"}],"version-history":[{"count":15,"href":"https:\/\/16-27.de\/de\/wp-json\/wp\/v2\/pages\/82\/revisions"}],"predecessor-version":[{"id":991,"href":"https:\/\/16-27.de\/de\/wp-json\/wp\/v2\/pages\/82\/revisions\/991"}],"wp:attachment":[{"href":"https:\/\/16-27.de\/de\/wp-json\/wp\/v2\/media?parent=82"}],"curies":[{"name":"wp","href":"https:\/\/api.w.org\/{rel}","templated":true}]}}