{"id":615,"date":"2020-03-07T15:41:09","date_gmt":"2020-03-07T14:41:09","guid":{"rendered":"http:\/\/16-27.de\/kontakt-2\/"},"modified":"2024-12-21T11:39:32","modified_gmt":"2024-12-21T10:39:32","slug":"kontakt-2","status":"publish","type":"page","link":"https:\/\/16-27.de\/de\/kontakt-2\/","title":{"rendered":"Kontakt"},"content":{"rendered":"\n<p><strong>Christof Schwarz Ingenieurgesellschaft mbH<\/strong><\/p>\n\n\n\n<h4 class=\"wp-block-heading\">Adresse<\/h4>\n\n\n\n<p><strong>B\u00fcro Berlin<\/strong><br>Kantstr. 66a<br>10627 Berlin (Charlottenburg)<br>Germany<\/p>\n\n\n\n<p><strong>B\u00fcro K\u00f6nigsberg<br><\/strong>Marienstrasse 10<br>97486 K\u00f6nigsberg<\/p>\n\n\n\n<p>Tel.: +49 30 32 46 62 1<br>Fax: +49 30 31 80 16 12<\/p>\n\n\n\n<p>E-Mail: <a href=\"mailto:info@16-27.de\">info@16-27.de<\/a><\/p>\n\n\n\n<p><a href=\"http:\/\/www.16-27.de\">www.16-27.de<\/a><br><\/p>\n\n\n\n<p><\/p>\n\n\n\n<p><\/p>\n\n\n\n<p><\/p>\n","protected":false},"excerpt":{"rendered":"<p>Christof Schwarz Ingenieurgesellschaft mbH Adresse B\u00fcro BerlinKantstr. 66a10627 Berlin (Charlottenburg)Germany B\u00fcro K\u00f6nigsbergMarienstrasse 1097486 K\u00f6nigsberg Tel.: +49 30 32 46 62 1Fax: +49 30 31 80 16 12 E-Mail: info@16-27.de www.16-27.de<\/p>\n","protected":false},"author":1,"featured_media":0,"parent":0,"menu_order":0,"comment_status":"closed","ping_status":"closed","template":"","meta":{"footnotes":""},"class_list":["post-615","page","type-page","status-publish","hentry"],"translation":{"provider":"WPGlobus","version":"3.0.0","language":"de","enabled_languages":["en","de","es"],"languages":{"en":{"title":true,"content":true,"excerpt":false},"de":{"title":true,"content":true,"excerpt":false},"es":{"title":true,"content":true,"excerpt":false}}},"_links":{"self":[{"href":"https:\/\/16-27.de\/de\/wp-json\/wp\/v2\/pages\/615","targetHints":{"allow":["GET"]}}],"collection":[{"href":"https:\/\/16-27.de\/de\/wp-json\/wp\/v2\/pages"}],"about":[{"href":"https:\/\/16-27.de\/de\/wp-json\/wp\/v2\/types\/page"}],"author":[{"embeddable":true,"href":"https:\/\/16-27.de\/de\/wp-json\/wp\/v2\/users\/1"}],"replies":[{"embeddable":true,"href":"https:\/\/16-27.de\/de\/wp-json\/wp\/v2\/comments?post=615"}],"version-history":[{"count":34,"href":"https:\/\/16-27.de\/de\/wp-json\/wp\/v2\/pages\/615\/revisions"}],"predecessor-version":[{"id":1058,"href":"https:\/\/16-27.de\/de\/wp-json\/wp\/v2\/pages\/615\/revisions\/1058"}],"wp:attachment":[{"href":"https:\/\/16-27.de\/de\/wp-json\/wp\/v2\/media?parent=615"}],"curies":[{"name":"wp","href":"https:\/\/api.w.org\/{rel}","templated":true}]}}