{"id":51,"date":"2020-02-27T21:13:50","date_gmt":"2020-02-27T20:13:50","guid":{"rendered":"http:\/\/16-27.de\/?page_id=51"},"modified":"2020-07-18T11:31:41","modified_gmt":"2020-07-18T09:31:41","slug":"leistungen","status":"publish","type":"page","link":"https:\/\/16-27.de\/de\/leistungen\/","title":{"rendered":"Leistungen"},"content":{"rendered":"\n<h4 class=\"wp-block-heading\">Technische Pr\u00fcfung<\/h4>\n\n\n\n<p>Bereits vor der Inbetriebnahme von Windkraftanlagen k\u00f6nnen wir sie in den Bereichen der Fertigungs- und Baufortschritts\u00fcberwachung so wie der Werksabnahme unterst\u00fctzen.<\/p>\n\n\n\n<p><strong>Bauphase<\/strong>&nbsp;<\/p>\n\n\n\n<ul class=\"wp-block-list\"><li>Fertigungs\u00fcberwachung<\/li><li>Werksabnahme<\/li><li>Baufortschritts\u00fcberwachung<\/li><li>&nbsp;Pr\u00fcfung nach Inbetriebnahme<\/li><li>Pr\u00fcfung auf Konformit\u00e4t mit dem Kaufvertrag<\/li><li>Pr\u00fcfung auf Konformit\u00e4t mit dem BImSchG-Bescheid<\/li><li>R\u00fcckbaukosten<\/li><\/ul>\n\n\n\n<p><strong>Betriebsphase, planm\u00e4\u00dfige Pr\u00fcfungen<\/strong><\/p>\n\n\n\n<ul class=\"wp-block-list\"><li>Pr\u00fcfung vor Ende Gew\u00e4hrleistung<\/li><li>Wiederkehrende Pr\u00fcfung (WKP)<\/li><li>Zustandsorientierte Pr\u00fcfung (ZOP)<\/li><li>Offline-CMS<\/li><li>Blitzschutzdurchgangspr\u00fcfung<\/li><li>Videoendoskopie<\/li><li>Weiterbetriebsgutachten (BPW)<\/li><\/ul>\n\n\n\n<p><strong>Betriebsphase, au\u00dferplanm\u00e4\u00dfige Pr\u00fcfungen<\/strong><\/p>\n\n\n\n<ul class=\"wp-block-list\"><li>Schadensanalysen<\/li><li>Thermografie<\/li><li>Farbeindringverfahren<\/li><li>Reparaturbegleitung<\/li><\/ul>\n\n\n\n<p><strong>Ende der Betriebsphase<\/strong><\/p>\n\n\n\n<ul class=\"wp-block-list\"><li>R\u00fcckbaukosten<\/li><\/ul>\n\n\n\n<h4 class=\"wp-block-heading\">Planungsunterst\u00fctzung<\/h4>\n\n\n\n<ul class=\"wp-block-list\"><li>Technische Vertragsberatung<\/li><li>Verhandlungsunterst\u00fctzung<\/li><\/ul>\n\n\n\n<h4 class=\"wp-block-heading\">Due Diligence<\/h4>\n\n\n\n<p><strong>Turbine Due Diligence<\/strong><\/p>\n\n\n\n<p><strong>Technische Due Diligence<\/strong><\/p>\n\n\n\n<ul class=\"wp-block-list\"><li>BImSchG<\/li><li>Regionalplan<\/li><li>Netzanschluss\/SDL<\/li><li>Technische Vertragspr\u00fcfung<\/li><li>Standortbesichtigung<\/li><li>Herstellerbewertung<\/li><li>Anlagenbewertung<\/li><\/ul>\n\n\n\n<h4 class=\"wp-block-heading\">Weitere Leistungen<\/h4>\n\n\n\n<ul class=\"wp-block-list\"><li>Gerichtsgutachten<\/li><li>Wertgutachten<\/li><li>R\u00fcckbaukosten<\/li><li>Weiterbetriebsgutachten (BPW)<\/li><\/ul>\n","protected":false},"excerpt":{"rendered":"<p>Technische Pr\u00fcfung Bereits vor der Inbetriebnahme von Windkraftanlagen k\u00f6nnen wir sie in den Bereichen der Fertigungs- und Baufortschritts\u00fcberwachung so wie der Werksabnahme unterst\u00fctzen. Bauphase&nbsp; Fertigungs\u00fcberwachung Werksabnahme Baufortschritts\u00fcberwachung &nbsp;Pr\u00fcfung nach Inbetriebnahme Pr\u00fcfung auf Konformit\u00e4t mit dem Kaufvertrag Pr\u00fcfung auf Konformit\u00e4t mit dem BImSchG-Bescheid R\u00fcckbaukosten Betriebsphase, planm\u00e4\u00dfige Pr\u00fcfungen Pr\u00fcfung vor Ende Gew\u00e4hrleistung Wiederkehrende Pr\u00fcfung (WKP) Zustandsorientierte Pr\u00fcfung &hellip; <\/p>\n<p class=\"link-more\"><a href=\"https:\/\/16-27.de\/de\/leistungen\/\" class=\"more-link\"><span class=\"screen-reader-text\">\u201eLeistungen\u201c<\/span> weiterlesen<\/a><\/p>\n","protected":false},"author":1,"featured_media":0,"parent":0,"menu_order":0,"comment_status":"closed","ping_status":"closed","template":"","meta":{"footnotes":""},"class_list":["post-51","page","type-page","status-publish","hentry"],"translation":{"provider":"WPGlobus","version":"3.0.0","language":"de","enabled_languages":["en","de","es"],"languages":{"en":{"title":true,"content":true,"excerpt":false},"de":{"title":true,"content":true,"excerpt":false},"es":{"title":true,"content":true,"excerpt":false}}},"_links":{"self":[{"href":"https:\/\/16-27.de\/de\/wp-json\/wp\/v2\/pages\/51","targetHints":{"allow":["GET"]}}],"collection":[{"href":"https:\/\/16-27.de\/de\/wp-json\/wp\/v2\/pages"}],"about":[{"href":"https:\/\/16-27.de\/de\/wp-json\/wp\/v2\/types\/page"}],"author":[{"embeddable":true,"href":"https:\/\/16-27.de\/de\/wp-json\/wp\/v2\/users\/1"}],"replies":[{"embeddable":true,"href":"https:\/\/16-27.de\/de\/wp-json\/wp\/v2\/comments?post=51"}],"version-history":[{"count":30,"href":"https:\/\/16-27.de\/de\/wp-json\/wp\/v2\/pages\/51\/revisions"}],"predecessor-version":[{"id":1027,"href":"https:\/\/16-27.de\/de\/wp-json\/wp\/v2\/pages\/51\/revisions\/1027"}],"wp:attachment":[{"href":"https:\/\/16-27.de\/de\/wp-json\/wp\/v2\/media?parent=51"}],"curies":[{"name":"wp","href":"https:\/\/api.w.org\/{rel}","templated":true}]}}