{"id":3,"date":"2020-02-27T20:29:43","date_gmt":"2020-02-27T19:29:43","guid":{"rendered":"http:\/\/16-27.de\/?page_id=3"},"modified":"2024-12-21T11:40:46","modified_gmt":"2024-12-21T10:40:46","slug":"datenschutzerklaerung","status":"publish","type":"page","link":"https:\/\/16-27.de\/de\/datenschutzerklaerung\/","title":{"rendered":"Datenschutzerkl\u00e4rung"},"content":{"rendered":"\n<p>Diese Datenschutzerkl\u00e4rung soll die Nutzer dieser Website \u00fcber die Art, den Umfang und den Zweck der Erhebung und Verwendung personenbezogener Daten durch den Websitebetreiber<\/p>\n\n\n\n<p><strong>Christof Schwarz Ingenieurgesellschaft mbH<\/strong><br>Kantstr. 66a     <br> 10627 Berlin     <br> Germany <br>T +49\/30\/324 66 21 <br> F +49\/30\/31 80 16 12 <br> www.16-27.de <\/p>\n\n\n\n<p>informieren. <\/p>\n\n\n\n<p>Der Websitebetreiber nimmt Ihren Datenschutz sehr ernst und behandelt Ihre personenbezogenen Daten vertraulich und entsprechend der gesetzlichen Vorschriften. Da durch neue Technologien und die st\u00e4ndige Weiterentwicklung dieser Webseite \u00c4nderungen an dieser Datenschutzerkl\u00e4rung vorgenommen werden k\u00f6nnen, empfehlen wir Ihnen sich die Datenschutzerkl\u00e4rung in regelm\u00e4\u00dfigen Abst\u00e4nden wieder durchzulesen. Definitionen der verwendeten Begriffe (z.B. \u201cpersonenbezogene Daten\u201d oder \u201cVerarbeitung\u201d) finden Sie in Art. 4 DSGVO.<\/p>\n\n\n\n<p><strong>Zugriffsdaten: <\/strong><br>Die Websitebetreiberin\/der Provider erhebt aufgrund des berechtigten Interesses (s. Art. 6 Abs. 1 lit. f. DSGVO) Daten \u00fcber Zugriffe auf die Website und speichern diese als \u201eServer-Logfiles\u201c auf dem Server der Website ab. Folgende Daten werden so protokolliert:<br> &nbsp;<br>Bei der blo\u00df informatorischen Nutzung der Website, also wenn Sie sich nicht registrieren oder uns anderweitig Informationen \u00fcbermitteln, erheben wir nur die personenbezogenen Daten, die Ihr Browser an unseren Server \u00fcbermittelt. Wenn Sie unsere Website betrachten m\u00f6chten, werden folgenden Daten, die technisch erforderlich sind, um Ihnen unsere Website anzuzeigen und die Stabilit\u00e4t und Sicherheit zu gew\u00e4hrleisten (Rechtsgrundlage ist Art. 6 Abs. 1 S. 1 lit. f DSGVO):<\/p>\n\n\n\n<p><em>IP-Adresse<br> Datum und Uhrzeit der Anfrage<br> Zeitzonendifferenz zur Greenwich Mean Time (GMT)<br> Inhalt der Anforderung (konkrete Seite)<br> Zugriffsstatus\/HTTP-Statuscode<br> jeweils \u00fcbertragene Datenmenge<br> Website, von der die Anforderung kommt<br> Browser<br> Betriebssystem und dessen Oberfl\u00e4che<br> Sprache und Version der Browsersoftware<\/em><\/p>\n\n\n\n<p>Die Speicherung der Daten erfolgt aus Sicherheitsgr\u00fcnden, um z. B. Missbrauchsf\u00e4lle aufkl\u00e4ren zu k\u00f6nnen. Die Server-Logfiles werden nach einem bestimmten Zeitraum vom Provider gel\u00f6scht. M\u00fcssen Daten aus Beweisgr\u00fcnden aufgehoben werden, sind sie solange von der L\u00f6schung ausgenommen bis der Vorfall endg\u00fcltig gekl\u00e4rt ist. <\/p>\n\n\n\n<p><strong>Reichweitenmessung &amp; Cookies<\/strong><br>Diese Website verwendet Cookies zur pseudonymisierten Reichweitenmessung, die entweder von dem Server, auf dem diese Website gehostet wird oder dem Server Dritter an den Browser des Nutzers \u00fcbertragen werden. Bei Cookies handelt es sich um kleine Dateien, welche auf Ihrem Endger\u00e4t gespeichert werden. Ihr Browser greift auf diese Dateien zu. Durch den Einsatz von Cookies erh\u00f6ht sich die Benutzerfreundlichkeit und Sicherheit dieser Website.<br> &nbsp;<br>G\u00e4ngige Browser bieten die Einstellungsoption, Cookies nicht zuzulassen. Sie k\u00f6nnen Ihre Browser-Einstellung entsprechend Ihren W\u00fcnschen konfigurieren und z. B. die Annahme von Cookies ablehnen. Hinweis: Es ist nicht gew\u00e4hrleistet, dass Sie auf alle Funktionen dieser Website ohne Einschr\u00e4nkungen zugreifen k\u00f6nnen, wenn Sie entsprechende Einstellungen vornehmen.<\/p>\n\n\n\n<p><strong>Disclaimer<\/strong><br><strong>Haftung f\u00fcr Inhalte<\/strong><br>Als Diensteanbieter sind wir als Websitebetreiber gem\u00e4\u00df \u00a7 7 Abs.1 TMG f\u00fcr eigene Inhalte auf diesen Seiten nach den allgemeinen Gesetzen verantwortlich. Nach \u00a7\u00a7 8 bis 10 TMG bin ich als Diensteanbieter jedoch nicht verpflichtet, \u00fcbermittelte oder gespeicherte fremde Informationen zu \u00fcberwachen oder nach Umst\u00e4nden zu forschen, die auf eine rechtswidrige T\u00e4tigkeit hinweisen. Verpflichtungen zur Entfernung oder Sperrung der Nutzung von Informationen nach den allgemeinen Gesetzen bleiben hiervon unber\u00fchrt. Eine diesbez\u00fcgliche Haftung ist jedoch erst ab dem Zeitpunkt der Kenntnis einer konkreten Rechtsverletzung m\u00f6glich. Bei Bekanntwerden von entsprechenden Rechtsverletzungen werden wir diese Inhalte umgehend entfernen. <\/p>\n\n\n\n<p><strong>Urheberrecht <\/strong><br>Die durch die Seitenbetreiber erstellten Inhalte und Werke auf diesen Seiten unterliegen dem deutschen Urheberrecht. Das Urheberrecht liegt \u2013 sofern nicht anders angegeben \u2013 bei Christof Schwarz, Christof Schwarz Ingenieurgesellschaft mbH. Eine Vervielf\u00e4ltigung oder Verwendung der Grafiken, Bilder und Texte in anderen elektronischen oder gedruckten Publikationen ist ohne ausdr\u00fcckliche Zustimmung von Christof Schwarz, Christof Schwarz Ingenieurgesellschaft mbH, nicht gestattet. Soweit die Inhalte auf dieser Seite nicht von dem Betreiber erstellt wurden, werden die Urheberrechte Dritter beachtet. Insbesondere werden Inhalte Dritter als solche gekennzeichnet. Sollten Sie trotzdem auf eine Urheberrechtsverletzung aufmerksam werden, bitten wir um einen entsprechenden Hinweis. Bei Bekanntwerden von Rechtsverletzungen werden wir derartige Inhalte umgehend entfernen. <\/p>\n\n\n\n<p><strong>Haftung f\u00fcr Links<\/strong> <br>Unser Angebot enth\u00e4lt Links zu externen Websites Dritter, auf deren Inhalte wir keinen Einfluss haben. Deshalb k\u00f6nnen wir f\u00fcr diese fremden Inhalte auch keine Gew\u00e4hr \u00fcbernehmen. F\u00fcr die Inhalte der verlinkten Seiten ist stets der jeweilige Anbieter oder Betreiber der Seiten verantwortlich. Die verlinkten Seiten wurden zum Zeitpunkt der Verlinkung auf m\u00f6gliche Rechtsverst\u00f6\u00dfe \u00fcberpr\u00fcft. Rechtswidrige Inhalte waren zum Zeitpunkt der Verlinkung nicht erkennbar. Eine permanente inhaltliche Kontrolle der verlinkten Seiten ist jedoch ohne konkrete Anhaltspunkte einer Rechtsverletzung nicht zumutbar. Bei Bekanntwerden von Rechtsverletzungen werde ich derartige Links umgehend entfernen. <\/p>\n\n\n\n<p>Wenn Sie Ihre gesetzlichen Rechte geltend machen wollen wenden Sie sich bitte an<br><a href=\"mailto:info@16-27.de\">info@16-27.de<\/a><\/p>\n\n\n\n<p><\/p>\n","protected":false},"excerpt":{"rendered":"<p>Diese Datenschutzerkl\u00e4rung soll die Nutzer dieser Website \u00fcber die Art, den Umfang und den Zweck der Erhebung und Verwendung personenbezogener Daten durch den Websitebetreiber Christof Schwarz Ingenieurgesellschaft mbHKantstr. 66a 10627 Berlin Germany T +49\/30\/324 66 21 F +49\/30\/31 80 16 12 www.16-27.de informieren. Der Websitebetreiber nimmt Ihren Datenschutz sehr ernst und behandelt Ihre personenbezogenen Daten &hellip; <\/p>\n<p class=\"link-more\"><a href=\"https:\/\/16-27.de\/de\/datenschutzerklaerung\/\" class=\"more-link\"><span class=\"screen-reader-text\">\u201eDatenschutzerkl\u00e4rung\u201c<\/span> weiterlesen<\/a><\/p>\n","protected":false},"author":1,"featured_media":0,"parent":0,"menu_order":0,"comment_status":"closed","ping_status":"open","template":"","meta":{"footnotes":""},"class_list":["post-3","page","type-page","status-publish","hentry"],"translation":{"provider":"WPGlobus","version":"3.0.0","language":"de","enabled_languages":["en","de","es"],"languages":{"en":{"title":true,"content":true,"excerpt":false},"de":{"title":true,"content":true,"excerpt":false},"es":{"title":true,"content":true,"excerpt":false}}},"_links":{"self":[{"href":"https:\/\/16-27.de\/de\/wp-json\/wp\/v2\/pages\/3","targetHints":{"allow":["GET"]}}],"collection":[{"href":"https:\/\/16-27.de\/de\/wp-json\/wp\/v2\/pages"}],"about":[{"href":"https:\/\/16-27.de\/de\/wp-json\/wp\/v2\/types\/page"}],"author":[{"embeddable":true,"href":"https:\/\/16-27.de\/de\/wp-json\/wp\/v2\/users\/1"}],"replies":[{"embeddable":true,"href":"https:\/\/16-27.de\/de\/wp-json\/wp\/v2\/comments?post=3"}],"version-history":[{"count":18,"href":"https:\/\/16-27.de\/de\/wp-json\/wp\/v2\/pages\/3\/revisions"}],"predecessor-version":[{"id":1053,"href":"https:\/\/16-27.de\/de\/wp-json\/wp\/v2\/pages\/3\/revisions\/1053"}],"wp:attachment":[{"href":"https:\/\/16-27.de\/de\/wp-json\/wp\/v2\/media?parent=3"}],"curies":[{"name":"wp","href":"https:\/\/api.w.org\/{rel}","templated":true}]}}