{"id":127,"date":"2020-03-02T13:38:42","date_gmt":"2020-03-02T12:38:42","guid":{"rendered":"http:\/\/16-27.de\/?page_id=127"},"modified":"2020-03-10T17:34:41","modified_gmt":"2020-03-10T16:34:41","slug":"ingenieurbuero-christof-schwarz","status":"publish","type":"page","link":"https:\/\/16-27.de\/de\/ingenieurbuero-christof-schwarz\/","title":{"rendered":"Unternehmen"},"content":{"rendered":"\n<h4 class=\"wp-block-heading\">Entwicklung<\/h4>\n\n\n\n<p>Christof Schwarz hat sich bereits Mitte der 80er w\u00e4hrend seines Studiums mit\u00a0\u00a0Konstruktion und Bau von Windkraftanlagen besch\u00e4ftigt.<br><br>In den 90ern war er im Bereich der Standortplanung aktiv, um sich Ende der 90er der Sachverst\u00e4ndigent\u00e4tigkeit zuzuwenden.<br><br>1998 hat er das Ingenieurb\u00fcro Christof Schwarz gegr\u00fcndet.<br><br>2000 ist er in die 8.2 Gruppe eingetreten, die er ma\u00dfgeblich mit aufgebaut hat. Er war 2006 einer der drei Gr\u00fcndungsvorst\u00e4nde der 8.2 Consulting AG und bis 2011 deren Finanzvorstand. Danach konzentrierte er sich wieder auf sein Ingenieurb\u00fcro, mit dem er Ende 2014 die 8.2 Gruppe wieder verlie\u00df.<br><br>Anfang 2017 wurde das Ingenieurb\u00fcro in eine Ingenieurgesellschaft umgewandelt, um den ge\u00e4nderten Anforderungen im internationalen Bereich Rechnung zu tragen.<br><br>Christof Schwarz und seine Mitarbeiter haben im Laufe der Jahre mehrere Tausend Windenergieanlagen der f\u00fchrenden Hersteller gepr\u00fcft.\u00a0<\/p>\n\n\n\n<p><\/p>\n\n\n\n<figure class=\"wp-block-image size-large\"><img loading=\"lazy\" decoding=\"async\" width=\"3000\" height=\"1688\" src=\"http:\/\/16-27.de\/wp-content\/uploads\/2020\/03\/20191018_125032-3000x1688.jpg\" alt=\"Christof Schwarz\" class=\"wp-image-199\" srcset=\"https:\/\/16-27.de\/wp-content\/uploads\/2020\/03\/20191018_125032-3000x1688.jpg 3000w, https:\/\/16-27.de\/wp-content\/uploads\/2020\/03\/20191018_125032-300x169.jpg 300w, https:\/\/16-27.de\/wp-content\/uploads\/2020\/03\/20191018_125032-768x432.jpg 768w, https:\/\/16-27.de\/wp-content\/uploads\/2020\/03\/20191018_125032-1536x864.jpg 1536w, https:\/\/16-27.de\/wp-content\/uploads\/2020\/03\/20191018_125032-2048x1152.jpg 2048w\" sizes=\"auto, (max-width: 767px) 89vw, (max-width: 1000px) 54vw, (max-width: 1071px) 543px, 580px\" \/><\/figure>\n\n\n\n<p><\/p>\n\n\n\n<h4 class=\"wp-block-heading\">Mitarbeit in Gremien<\/h4>\n\n\n\n<p>Grunds\u00e4tze f\u00fcr die Durchf\u00fchrung einer Bewertung und Pr\u00fcfung \u00fcber den Weiterbetrieb von WEA (BPW) an Land, BWE,&nbsp;2. \u00fcberarbeitete und erweiterte Auflage, Mai 2017<\/p>\n\n\n\n<p>Grunds\u00e4tze f\u00fcr die \u201eWiederkehrende Pr\u00fcfung von Windenergieanlagen\u201c,&nbsp;verabschiedet durch den technischen Sachverst\u00e4ndigenbeirat des BWE 2012<\/p>\n\n\n\n<p>Grunds\u00e4tze f\u00fcr die Pr\u00fcfung zur zustandsorientierten Instandhaltung von Windenergieanlagen,&nbsp;verabschiedet durch den technischen Sachverst\u00e4ndigenbeirat des BWE am September 2007<\/p>\n\n\n\n<p>Anforderungen an den Sachverst\u00e4ndigen f\u00fcr Windenergieanlagen,&nbsp;verabschiedet durch den technischen Sachverst\u00e4ndigenbeirat des BWE, September 2007<\/p>\n\n\n\n<p>BGI 657 \u201eWindenergieanlagen\u201c,&nbsp;Berufsgenossenschaft der Feinmechanik und Elektrotechnik,&nbsp;Ausgabe 03\/2006 (1. Fassung)<\/p>\n\n\n\n<p>Arbeitsrichtlinie \u201e\u00dcberpr\u00fcfung des Zustandes des Blitzschutzsystems von Windenergieanlagen\u201c,&nbsp;herausgegeben durch den Sachverst\u00e4ndigenbeirat des BWE im Oktober 2004<\/p>\n\n\n\n<p><\/p>\n","protected":false},"excerpt":{"rendered":"<p>Entwicklung Christof Schwarz hat sich bereits Mitte der 80er w\u00e4hrend seines Studiums mit\u00a0\u00a0Konstruktion und Bau von Windkraftanlagen besch\u00e4ftigt. In den 90ern war er im Bereich der Standortplanung aktiv, um sich Ende der 90er der Sachverst\u00e4ndigent\u00e4tigkeit zuzuwenden. 1998 hat er das Ingenieurb\u00fcro Christof Schwarz gegr\u00fcndet. 2000 ist er in die 8.2 Gruppe eingetreten, die er ma\u00dfgeblich &hellip; <\/p>\n<p class=\"link-more\"><a href=\"https:\/\/16-27.de\/de\/ingenieurbuero-christof-schwarz\/\" class=\"more-link\"><span class=\"screen-reader-text\">\u201eUnternehmen\u201c<\/span> weiterlesen<\/a><\/p>\n","protected":false},"author":1,"featured_media":0,"parent":0,"menu_order":0,"comment_status":"closed","ping_status":"closed","template":"","meta":{"footnotes":""},"class_list":["post-127","page","type-page","status-publish","hentry"],"translation":{"provider":"WPGlobus","version":"3.0.0","language":"de","enabled_languages":["en","de","es"],"languages":{"en":{"title":true,"content":true,"excerpt":false},"de":{"title":true,"content":true,"excerpt":false},"es":{"title":true,"content":true,"excerpt":false}}},"_links":{"self":[{"href":"https:\/\/16-27.de\/de\/wp-json\/wp\/v2\/pages\/127","targetHints":{"allow":["GET"]}}],"collection":[{"href":"https:\/\/16-27.de\/de\/wp-json\/wp\/v2\/pages"}],"about":[{"href":"https:\/\/16-27.de\/de\/wp-json\/wp\/v2\/types\/page"}],"author":[{"embeddable":true,"href":"https:\/\/16-27.de\/de\/wp-json\/wp\/v2\/users\/1"}],"replies":[{"embeddable":true,"href":"https:\/\/16-27.de\/de\/wp-json\/wp\/v2\/comments?post=127"}],"version-history":[{"count":54,"href":"https:\/\/16-27.de\/de\/wp-json\/wp\/v2\/pages\/127\/revisions"}],"predecessor-version":[{"id":978,"href":"https:\/\/16-27.de\/de\/wp-json\/wp\/v2\/pages\/127\/revisions\/978"}],"wp:attachment":[{"href":"https:\/\/16-27.de\/de\/wp-json\/wp\/v2\/media?parent=127"}],"curies":[{"name":"wp","href":"https:\/\/api.w.org\/{rel}","templated":true}]}}