{"id":104,"date":"2020-03-02T12:36:07","date_gmt":"2020-03-02T11:36:07","guid":{"rendered":"http:\/\/16-27.de\/?page_id=104"},"modified":"2020-03-10T17:58:01","modified_gmt":"2020-03-10T16:58:01","slug":"planungsunterstuetzung","status":"publish","type":"page","link":"https:\/\/16-27.de\/de\/planungsunterstuetzung\/","title":{"rendered":"Planungsunterst\u00fctzung"},"content":{"rendered":"\n<p>Wir unterst\u00fctzen und beraten Sie in allen Phasen der Projektentwicklung, von der Standortbewertung bis hin zum Betrieb.<\/p>\n\n\n\n<ul class=\"wp-block-list\"><li>Standortbewertung<\/li><li>Anlagenauswahl<\/li><li>Erwerb von Anlagen<\/li><li>Vertragsgestaltung aus technischer Sicht<\/li><\/ul>\n\n\n\n<h4 class=\"wp-block-heading\">Technische Vertragsberatung<\/h4>\n\n\n\n<p>Alle relevanten Vertr\u00e4ge nebst Anh\u00e4ngen werden gesichtet und mit Fokus auf Gegenstand der Vertr\u00e4ge, Lieferbedingungen, Garantien, Sondervereinbarungen etc. bewertet. Anschlie\u00dfend erfolgt eine Beratung zur \u00c4nderung\/Anpassung der Vertr\u00e4ge zu Gunsten des Kunden.<\/p>\n\n\n\n<h4 class=\"wp-block-heading\">Verhandlungsunterst\u00fctzung<\/h4>\n\n\n\n<p>Bei Verhandlungen werden die Interessen und Belange des Kunden unterst\u00fctzt mit Fokus auf einen erfolgreichen Abschluss zu Gunsten des Kunden.<\/p>\n","protected":false},"excerpt":{"rendered":"<p>Wir unterst\u00fctzen und beraten Sie in allen Phasen der Projektentwicklung, von der Standortbewertung bis hin zum Betrieb. Standortbewertung Anlagenauswahl Erwerb von Anlagen Vertragsgestaltung aus technischer Sicht Technische Vertragsberatung Alle relevanten Vertr\u00e4ge nebst Anh\u00e4ngen werden gesichtet und mit Fokus auf Gegenstand der Vertr\u00e4ge, Lieferbedingungen, Garantien, Sondervereinbarungen etc. bewertet. Anschlie\u00dfend erfolgt eine Beratung zur \u00c4nderung\/Anpassung der Vertr\u00e4ge &hellip; <\/p>\n<p class=\"link-more\"><a href=\"https:\/\/16-27.de\/de\/planungsunterstuetzung\/\" class=\"more-link\"><span class=\"screen-reader-text\">\u201ePlanungsunterst\u00fctzung\u201c<\/span> weiterlesen<\/a><\/p>\n","protected":false},"author":1,"featured_media":0,"parent":0,"menu_order":0,"comment_status":"closed","ping_status":"closed","template":"","meta":{"footnotes":""},"class_list":["post-104","page","type-page","status-publish","hentry"],"translation":{"provider":"WPGlobus","version":"3.0.0","language":"de","enabled_languages":["en","de","es"],"languages":{"en":{"title":true,"content":true,"excerpt":false},"de":{"title":true,"content":true,"excerpt":false},"es":{"title":true,"content":true,"excerpt":false}}},"_links":{"self":[{"href":"https:\/\/16-27.de\/de\/wp-json\/wp\/v2\/pages\/104","targetHints":{"allow":["GET"]}}],"collection":[{"href":"https:\/\/16-27.de\/de\/wp-json\/wp\/v2\/pages"}],"about":[{"href":"https:\/\/16-27.de\/de\/wp-json\/wp\/v2\/types\/page"}],"author":[{"embeddable":true,"href":"https:\/\/16-27.de\/de\/wp-json\/wp\/v2\/users\/1"}],"replies":[{"embeddable":true,"href":"https:\/\/16-27.de\/de\/wp-json\/wp\/v2\/comments?post=104"}],"version-history":[{"count":13,"href":"https:\/\/16-27.de\/de\/wp-json\/wp\/v2\/pages\/104\/revisions"}],"predecessor-version":[{"id":990,"href":"https:\/\/16-27.de\/de\/wp-json\/wp\/v2\/pages\/104\/revisions\/990"}],"wp:attachment":[{"href":"https:\/\/16-27.de\/de\/wp-json\/wp\/v2\/media?parent=104"}],"curies":[{"name":"wp","href":"https:\/\/api.w.org\/{rel}","templated":true}]}}