{"id":10,"date":"2020-02-27T20:35:11","date_gmt":"2020-02-27T19:35:11","guid":{"rendered":"http:\/\/16-27.de\/?page_id=10"},"modified":"2020-03-16T15:12:03","modified_gmt":"2020-03-16T14:12:03","slug":"startseite","status":"publish","type":"page","link":"https:\/\/16-27.de\/de\/","title":{"rendered":"Unsere Leistungen"},"content":{"rendered":"\n<h4 class=\"wp-block-heading\">Technische Pr\u00fcfung<\/h4>\n\n\n\n<p><strong>Bauphase<\/strong><br>Fertigungs\u00fcberwachung \u2022 Werksabnahme \u2022 Baufortschritts\u00fcberwachung \u2022 Pr\u00fcfung nach Inbetriebnahme \u2022 Pr\u00fcfung auf Konformit\u00e4t mit dem Kaufvertrag \u2022 Pr\u00fcfung auf Konformit\u00e4t mit dem BImSchG-Bescheid \u2022 R\u00fcckbaukosten<\/p>\n\n\n\n<p><strong>Betriebsphase, planm\u00e4\u00dfige Pr\u00fcfungen<\/strong><br>Pr\u00fcfung vor Ende Gew\u00e4hrleistung \u2022 Wiederkehrende Pr\u00fcfung \u2022 Zustandsorientierte Pr\u00fcfung \u2022 Offline-CMS \u2022 Blitzschutzdurchgangspr\u00fcfung \u2022 Videoendoskopie \u2022 Weiterbetriebsgutachten (BPW)<\/p>\n\n\n\n<p><strong>Betriebsphase, au\u00dferplanm\u00e4\u00dfige Pr\u00fcfungen<\/strong><br>Schadensanalysen \u2022 Thermografie \u2022 Farbeindringverfahren \u2022 Reparaturbegleitung<\/p>\n\n\n\n<p><strong>Ende der Betriebsphase<\/strong><br>R\u00fcckbaukosten<\/p>\n\n\n\n<h4 class=\"wp-block-heading\">Planungsunterst\u00fctzung<\/h4>\n\n\n\n<p>Technische Vertragsberatung \u2022 Verhandlungsunterst\u00fctzung<\/p>\n\n\n\n<h4 class=\"wp-block-heading\">Due Diligence<\/h4>\n\n\n\n<p>Turbine Due Diligence \u2022 Projekt (Technische) Due Diligence \u2022 BImSchG \u2022 Regionalplan \u2022 Netzanschluss\/SDL \u2022 Technische Vertragspr\u00fcfung \u2022 Standortbesichtigung \u2022 Herstellerbewertung \u2022 Anlagenbewertung<\/p>\n\n\n\n<h4 class=\"wp-block-heading\">Weitere Leistungen<\/h4>\n\n\n\n<p>Gerichtsgutachten \u2022 Wertgutachten \u2022 R\u00fcckbaukosten \u2022 Weiterbetriebsgutachten (BPW)<\/p>\n","protected":false},"excerpt":{"rendered":"<p>Technische Pr\u00fcfung BauphaseFertigungs\u00fcberwachung \u2022 Werksabnahme \u2022 Baufortschritts\u00fcberwachung \u2022 Pr\u00fcfung nach Inbetriebnahme \u2022 Pr\u00fcfung auf Konformit\u00e4t mit dem Kaufvertrag \u2022 Pr\u00fcfung auf Konformit\u00e4t mit dem BImSchG-Bescheid \u2022 R\u00fcckbaukosten Betriebsphase, planm\u00e4\u00dfige Pr\u00fcfungenPr\u00fcfung vor Ende Gew\u00e4hrleistung \u2022 Wiederkehrende Pr\u00fcfung \u2022 Zustandsorientierte Pr\u00fcfung \u2022 Offline-CMS \u2022 Blitzschutzdurchgangspr\u00fcfung \u2022 Videoendoskopie \u2022 Weiterbetriebsgutachten (BPW) Betriebsphase, au\u00dferplanm\u00e4\u00dfige Pr\u00fcfungenSchadensanalysen \u2022 Thermografie \u2022 Farbeindringverfahren &hellip; <\/p>\n<p class=\"link-more\"><a href=\"https:\/\/16-27.de\/de\/\" class=\"more-link\"><span class=\"screen-reader-text\">\u201eUnsere Leistungen\u201c<\/span> weiterlesen<\/a><\/p>\n","protected":false},"author":1,"featured_media":177,"parent":0,"menu_order":0,"comment_status":"closed","ping_status":"closed","template":"","meta":{"footnotes":""},"class_list":["post-10","page","type-page","status-publish","has-post-thumbnail","hentry"],"translation":{"provider":"WPGlobus","version":"3.0.0","language":"de","enabled_languages":["en","de","es"],"languages":{"en":{"title":true,"content":true,"excerpt":false},"de":{"title":true,"content":true,"excerpt":false},"es":{"title":true,"content":true,"excerpt":false}}},"_links":{"self":[{"href":"https:\/\/16-27.de\/de\/wp-json\/wp\/v2\/pages\/10","targetHints":{"allow":["GET"]}}],"collection":[{"href":"https:\/\/16-27.de\/de\/wp-json\/wp\/v2\/pages"}],"about":[{"href":"https:\/\/16-27.de\/de\/wp-json\/wp\/v2\/types\/page"}],"author":[{"embeddable":true,"href":"https:\/\/16-27.de\/de\/wp-json\/wp\/v2\/users\/1"}],"replies":[{"embeddable":true,"href":"https:\/\/16-27.de\/de\/wp-json\/wp\/v2\/comments?post=10"}],"version-history":[{"count":31,"href":"https:\/\/16-27.de\/de\/wp-json\/wp\/v2\/pages\/10\/revisions"}],"predecessor-version":[{"id":1023,"href":"https:\/\/16-27.de\/de\/wp-json\/wp\/v2\/pages\/10\/revisions\/1023"}],"wp:featuredmedia":[{"embeddable":true,"href":"https:\/\/16-27.de\/de\/wp-json\/wp\/v2\/media\/177"}],"wp:attachment":[{"href":"https:\/\/16-27.de\/de\/wp-json\/wp\/v2\/media?parent=10"}],"curies":[{"name":"wp","href":"https:\/\/api.w.org\/{rel}","templated":true}]}}