{"id":84,"date":"2020-03-02T11:51:33","date_gmt":"2020-03-02T10:51:33","guid":{"rendered":"http:\/\/16-27.de\/?page_id=84"},"modified":"2020-03-13T11:55:15","modified_gmt":"2020-03-13T10:55:15","slug":"technische-pruefung","status":"publish","type":"page","link":"http:\/\/16-27.de\/es\/leistungen\/technische-pruefung\/","title":{"rendered":"Inspecci\u00f3n t\u00e9cnica"},"content":{"rendered":"\n<p>Antes de que un aerogenerador se ponga en marcha, podemos asesorarle en las \u00e1reas de producci\u00f3n y supervisi\u00f3n del progreso de la construcci\u00f3n, as\u00ed como en la aceptaci\u00f3n de la f\u00e1brica.<\/p>\n\n\n\n<h4 class=\"wp-block-heading\">Fase de construcci\u00f3n<\/h4>\n\n\n\n<p><strong>Control de producci\u00f3n<\/strong><\/p>\n\n\n\n<p>La vigilancia de la producci\u00f3n implica la supervisi\u00f3n de la calidad de los componentes durante la producci\u00f3n. Se recomienda especialmente para proyectos grandes como los proyectos offshore. <\/p>\n\n\n\n<p><strong>Prueba de aceptaci\u00f3n de f\u00e1brica<\/strong><\/p>\n\n\n\n<p>La aceptaci\u00f3n de la f\u00e1brica es la aceptaci\u00f3n en el lugar de la planta de fabricaci\u00f3n. Tiene lugar antes de la entrega y se utiliza para el control y la garant\u00eda de calidad de los componentes, as\u00ed como para la liberaci\u00f3n de la entrega.<\/p>\n\n\n\n<p><strong>Monitoreo del progreso de la construcci\u00f3n<\/strong><\/p>\n\n\n\n<p>La supervisi\u00f3n del progreso de la construcci\u00f3n sirve para controlar la entrega de los componentes, los procesos y la calidad del trabajo realizado.<\/p>\n\n\n\n<p><strong>Pruebas despu\u00e9s de la puesta en marcha<\/strong><\/p>\n\n\n\n<p>La inspecci\u00f3n despu\u00e9s de la puesta en marcha es una inspecci\u00f3n t\u00e9cnica completa de la turbina e\u00f3lica, incluyendo las palas del rotor si se solicita. Sirve, en particular, para identificar los defectos antes del pago del \u00faltimo plazo del precio de compra, a fin de poder hacer las retenciones apropiadas si es necesario.<\/p>\n\n\n\n<p><strong>Verificaci\u00f3n de la conformidad con el contrato de venta<\/strong><\/p>\n\n\n\n<p>Inspecci\u00f3n de la planta para comprobar su conformidad con el contrato de venta.<\/p>\n\n\n\n<p>La prueba de conformidad con el permiso de contrucci\u00f3n<\/p>\n\n\n\n<p>Inspecci\u00f3n de la planta para comprobar su conformidad con las condiciones del permiso de construcci\u00f3n.<\/p>\n\n\n\n<h4 class=\"wp-block-heading\">Fase de operaci\u00f3n, inspecciones programadas<\/h4>\n\n\n\n<p><strong>Inspecci\u00f3n antes del final de la garant\u00eda<\/strong><\/p>\n\n\n\n<p>La inspecci\u00f3n antes del final de la garant\u00eda es una inspecci\u00f3n t\u00e9cnica completa del aerogenerador completo, incluyendo las palas del rotor. Sirve en particular para determinar los defectos antes de que la garant\u00eda finalice para que puedan ser reclamados contra el fabricante a su debido tiempo.<\/p>\n\n\n\n<p><strong>Inspecci\u00f3n peri\u00f3dica<\/strong><\/p>\n\n\n\n<p>La inspecci\u00f3n peri\u00f3dica suele exigirse en el la prueba de tipo y\/o permiso de construcci\u00f3n y debe llevarse a cabo con regularidad (normalmente cada dos a cuatro a\u00f1os) de acuerdo con los requisitos. La turbina de viento completa es probada. <\/p>\n\n\n\n<p><strong>Inspecci\u00f3n del estado del aerogenerador<\/strong><\/p>\n\n\n\n<p>La inspecci\u00f3n del estado del aerogenerado se especifica en las condiciones de seguro de las p\u00f3lizas de seguro de aver\u00eda e interrupci\u00f3n de maquinaria. Se trata de una inspecci\u00f3n t\u00e9cnica de toda la turbina e\u00f3lica, complementada con un an\u00e1lisis de las frecuencia del tren de transmisi\u00f3n offline y una medici\u00f3n de la continuidad de la protecci\u00f3n contra los rayos.<\/p>\n\n\n\n<p><strong>CMS offline&nbsp;<\/strong><\/p>\n\n\n\n<p>Se puede realizar un an\u00e1lisis de frecuencias del tren de transmisi\u00f3n con la ayuda de un CMS. Se utiliza para detectar cambios en la condici\u00f3n y para detectar da\u00f1os en una etapa temprana, que pueden conducir a paradas no dplanificadas.<\/p>\n\n\n\n<p><strong>Prueba de continuidad de la protecci\u00f3n contra rayos<\/strong><\/p>\n\n\n\n<p>Durante la prueba de continuidad de la protecci\u00f3n contra el rayo, se mide la resistencia entre los receptores de la pala y la puesta a tierra de la instalaci\u00f3n. Se utiliza para comprobar si, en caso de que caiga un rayo, el sistema de protecci\u00f3n contra el rayo funciona y la corriente del rayo se descarga de manera fiable en el suelo.<\/p>\n\n\n\n<p><strong>Video Endoscopia<\/strong><\/p>\n\n\n\n<p>En la video endoscopia se inspeccionan las \u00e1reas que no son accesibles durante una inspecci\u00f3n visual. Normalmente se inspeccionan los caminos de rodadura, los elementos rodantes y las jaulas de los rodamientos, as\u00ed como los engranajes.<\/p>\n\n\n\n<p><strong>Evaluaci\u00f3n sobre la Extensi\u00f3n de la Vida \u00fatil<\/strong><\/p>\n\n\n\n<p>La evaluaci\u00f3n sobre la extensi\u00f3n de la vida \u00fatil sirve para determinar las reservas potenciales para prolongar la vida \u00fatil durante el per\u00edodo de explotaci\u00f3n calculado, que suele ser de 20 a\u00f1os. <\/p>\n\n\n\n<h4 class=\"wp-block-heading\">Fase de operaci\u00f3n, inspecciones no programadas<\/h4>\n\n\n\n<p><strong>An\u00e1lisis de da\u00f1os<\/strong><\/p>\n\n\n\n<p>Realizamos an\u00e1lisis de da\u00f1os despu\u00e9s de todo tipo de da\u00f1os.&nbsp;&nbsp;Esto incluye da\u00f1os en las palas del rotor, cojinetes, cajas de engranajes, generadores, cimientos y da\u00f1os por fuego. <\/p>\n\n\n\n<p><strong>Termograf\u00eda<\/strong><\/p>\n\n\n\n<p>El principal campo de aplicaci\u00f3n de la termograf\u00eda es la prueba de equipos el\u00e9ctricos. De este modo, se pueden detectar, por ejemplo, componentes defectuosos o uniones atornilladas sueltas que, de otro modo, podr\u00edan provocar la p\u00e9rdida total de la turbina e\u00f3lica.<\/p>\n\n\n\n<p><strong>Prueba de penetraci\u00f3n de colorante<\/strong><\/p>\n\n\n\n<p>El m\u00e9todo de penetraci\u00f3n de colorante se utiliza para la detecci\u00f3n de grietas en componentes estructuralmente relevantes.<\/p>\n\n\n\n<p><strong>Soporte de reparaci\u00f3n<\/strong><\/p>\n\n\n\n<p>La supervisi\u00f3n de la calidad de los trabajos de reparaci\u00f3n tiene lugar durante el soporte de reparaci\u00f3n. Se presta gran atenci\u00f3n a la correcta ejecuci\u00f3n de las reparaciones y a evitar los gastos de reparaci\u00f3n innecesarios o mayores.<\/p>\n\n\n\n<h4 class=\"wp-block-heading\">Fin de la fase de operaci\u00f3n&nbsp;<\/h4>\n\n\n\n<p><strong>Informe sobre la continuaci\u00f3n de la operaci\u00f3n<\/strong><\/p>\n\n\n\n<p>Inspecci\u00f3n de la planta para comprobar su conformidad con las condiciones del permiso de construcci\u00f3n.<\/p>\n\n\n\n<p><strong>Costos de desmantelamiento<\/strong><\/p>\n\n\n\n<p>Los informes sobre el costo de la deconstrucci\u00f3n se utilizan para determinar el monto de las garant\u00edas o reservas desde la perspectiva de la aprobaci\u00f3n o la legislaci\u00f3n fiscal.<\/p>\n","protected":false},"excerpt":{"rendered":"<p>Antes de que un aerogenerador se ponga en marcha, podemos asesorarle en las \u00e1reas de producci\u00f3n y supervisi\u00f3n del progreso de la construcci\u00f3n, as\u00ed como en la aceptaci\u00f3n de la f\u00e1brica. Fase de construcci\u00f3n Control de producci\u00f3n La vigilancia de la producci\u00f3n implica la supervisi\u00f3n de la calidad de los componentes durante la producci\u00f3n. Se &hellip; <\/p>\n<p class=\"link-more\"><a href=\"http:\/\/16-27.de\/es\/leistungen\/technische-pruefung\/\" class=\"more-link\">Continue reading<span class=\"screen-reader-text\"> &#8220;Inspecci\u00f3n t\u00e9cnica&#8221;<\/span><\/a><\/p>\n","protected":false},"author":1,"featured_media":0,"parent":51,"menu_order":0,"comment_status":"closed","ping_status":"closed","template":"","meta":{"footnotes":""},"class_list":["post-84","page","type-page","status-publish","hentry"],"translation":{"provider":"WPGlobus","version":"3.0.0","language":"es","enabled_languages":["en","de","es"],"languages":{"en":{"title":true,"content":true,"excerpt":false},"de":{"title":true,"content":true,"excerpt":false},"es":{"title":true,"content":true,"excerpt":false}}},"_links":{"self":[{"href":"http:\/\/16-27.de\/es\/wp-json\/wp\/v2\/pages\/84","targetHints":{"allow":["GET"]}}],"collection":[{"href":"http:\/\/16-27.de\/es\/wp-json\/wp\/v2\/pages"}],"about":[{"href":"http:\/\/16-27.de\/es\/wp-json\/wp\/v2\/types\/page"}],"author":[{"embeddable":true,"href":"http:\/\/16-27.de\/es\/wp-json\/wp\/v2\/users\/1"}],"replies":[{"embeddable":true,"href":"http:\/\/16-27.de\/es\/wp-json\/wp\/v2\/comments?post=84"}],"version-history":[{"count":14,"href":"http:\/\/16-27.de\/es\/wp-json\/wp\/v2\/pages\/84\/revisions"}],"predecessor-version":[{"id":1021,"href":"http:\/\/16-27.de\/es\/wp-json\/wp\/v2\/pages\/84\/revisions\/1021"}],"up":[{"embeddable":true,"href":"http:\/\/16-27.de\/es\/wp-json\/wp\/v2\/pages\/51"}],"wp:attachment":[{"href":"http:\/\/16-27.de\/es\/wp-json\/wp\/v2\/media?parent=84"}],"curies":[{"name":"wp","href":"https:\/\/api.w.org\/{rel}","templated":true}]}}